{"id":5347,"date":"2021-02-16T14:38:33","date_gmt":"2021-02-16T13:38:33","guid":{"rendered":"https:\/\/drivex.se\/drivex-klaffskuffer\/"},"modified":"2023-08-09T11:04:38","modified_gmt":"2023-08-09T09:04:38","slug":"drivex-klaffskuffer","status":"publish","type":"page","link":"https:\/\/drivex.se\/no\/drivex-klaffskuffer\/","title":{"rendered":"Drivex klaffskuffer"},"content":{"rendered":"<div class=\"wpb-content-wrapper\">[vc_row full_width=&#8221;stretch_row_content_no_spaces&#8221; disable_element=&#8221;yes&#8221;][vc_column][vc_single_image image=&#8221;5162&#8243; el_class=&#8221;full_width&#8221;]<div class=\"vcex-spacing wpex-w-100 wpex-clear\" style=\"height:40px;\"><\/div>[\/vc_column][\/vc_row][vc_row][vc_column]<div class=\"vcex-spacing wpex-w-100 wpex-clear\" style=\"height:40px;\"><\/div><style>.vcex-heading.vcex_69f1115ac2c2e .vcex-heading-inner{border-color:#1b4478;}.vcex-heading.vcex_69f1115ac2c2e{font-family:Orgon;}<\/style><h1 class=\"vcex-heading vcex-heading-bottom-border-w-color vcex-module wpex-heading wpex-text-2xl vc_custom_1613482439993 wpex-border-b-2 wpex-border-solid wpex-border-main vcex_69f1115ac2c2e\"><span class=\"vcex-heading-inner wpex-inline-block wpex-relative wpex-pb-5 wpex-border-b-2 wpex-border-solid wpex-border-accent\">Drivex klaffskuffer<\/span><\/h1><div class=\"vcex-spacing wpex-w-100 wpex-clear\" style=\"height:5px;\"><\/div>[vc_column_text]Drivex klaffskuffer er sn\u00f8skuffer tilpasset b\u00e5de store flater t.ex parkeringsplasser, industriomr\u00e5der, skoleg\u00e5rder m.m. og trange steder.[\/vc_column_text]<div class=\"vcex-spacing wpex-w-100 wpex-clear\" style=\"height:40px;\"><\/div>[\/vc_column][\/vc_row][vc_row equal_height=&#8221;yes&#8221;][vc_column width=&#8221;1\/2&#8243; offset=&#8221;vc_col-xs-6&#8243;]<style>.vcex-image.vcex_69f1115ac430f .vcex-image-inner{max-width:400px;}<\/style><figure class=\"vcex-image vcex-module wpex-mb-15 textcenter vcex_69f1115ac430f\"><div class=\"vcex-image-inner wpex-relative wpex-inline-block\"><a href=\"https:\/\/drivex.se\/no\/produkter\/redskap\/klaffskuffer-ks2130-3000\/\" title=\"Klaffskopor KS2130-3000\"><img width=\"600\" height=\"389\" src=\"https:\/\/drivex.se\/wp-content\/uploads\/2018\/05\/Klaffskopa-KS2000.png\" class=\"vcex-image-img wpex-align-middle\" alt=\"\" loading=\"lazy\" decoding=\"async\" srcset=\"https:\/\/drivex.se\/wp-content\/uploads\/2018\/05\/Klaffskopa-KS2000.png 600w, https:\/\/drivex.se\/wp-content\/uploads\/2018\/05\/Klaffskopa-KS2000-150x97.png 150w, https:\/\/drivex.se\/wp-content\/uploads\/2018\/05\/Klaffskopa-KS2000-300x195.png 300w\" sizes=\"auto, (max-width: 600px) 100vw, 600px\" \/><\/a><\/div><\/figure>[vc_column_text css=&#8221;.vc_custom_1613483364075{margin-top: 5px !important;}&#8221; font_size=&#8221;d:16px|pp:14px&#8221; font_weight=&#8221;600&#8243;]\n<p style=\"text-align: center;\">KS2130 \u2013 KS3000<\/p>\n[\/vc_column_text]<div class=\"vcex-spacing wpex-w-100 wpex-clear\" style=\"height:20px;\"><\/div>[\/vc_column][vc_column width=&#8221;1\/2&#8243; offset=&#8221;vc_col-xs-6&#8243;]<style>.vcex-image.vcex_69f1115ac4e15 .vcex-image-inner{max-width:420px;}<\/style><figure class=\"vcex-image vcex-module wpex-mb-25 textcenter vcex_69f1115ac4e15\"><div class=\"vcex-image-inner wpex-relative wpex-inline-block\"><a href=\"https:\/\/drivex.se\/no\/produkter\/redskap\/klaffskuffee-ks2500-3000-flytende-klaff\/\" title=\"Klaffskopor KS2500\u20133000 flytande klaff\"><img width=\"1000\" height=\"614\" src=\"https:\/\/drivex.se\/wp-content\/uploads\/2021\/02\/drivex_klaffskopa_ks2500-3000-1.jpg\" class=\"vcex-image-img wpex-align-middle\" alt=\"\" loading=\"lazy\" decoding=\"async\" srcset=\"https:\/\/drivex.se\/wp-content\/uploads\/2021\/02\/drivex_klaffskopa_ks2500-3000-1.jpg 1000w, https:\/\/drivex.se\/wp-content\/uploads\/2021\/02\/drivex_klaffskopa_ks2500-3000-1-300x184.jpg 300w, https:\/\/drivex.se\/wp-content\/uploads\/2021\/02\/drivex_klaffskopa_ks2500-3000-1-768x472.jpg 768w\" sizes=\"auto, (max-width: 1000px) 100vw, 1000px\" \/><\/a><\/div><\/figure>[vc_column_text css=&#8221;.vc_custom_1613483368844{margin-top: 5px !important;}&#8221; font_size=&#8221;d:16px|pp:14px&#8221; font_weight=&#8221;600&#8243;]\n<p style=\"text-align: center;\">KS2500 \u2013 KS3000 Flytende klaff<\/p>\n[\/vc_column_text]<div class=\"vcex-spacing wpex-w-100 wpex-clear\" style=\"height:20px;\"><\/div>[\/vc_column][\/vc_row][vc_row equal_height=&#8221;yes&#8221; disable_element=&#8221;yes&#8221;][vc_column width=&#8221;1\/2&#8243; offset=&#8221;vc_col-xs-6&#8243;]<style>.vcex-image.vcex_69f1115ac581e .vcex-image-inner{max-width:400px;}<\/style><figure class=\"vcex-image vcex-module wpex-mb-15 textcenter vcex_69f1115ac581e\"><div class=\"vcex-image-inner wpex-relative wpex-inline-block\"><img width=\"600\" height=\"389\" src=\"https:\/\/drivex.se\/wp-content\/uploads\/2018\/05\/Klaffskopa-KS2000.png\" class=\"vcex-image-img wpex-align-middle\" alt=\"\" loading=\"lazy\" decoding=\"async\" srcset=\"https:\/\/drivex.se\/wp-content\/uploads\/2018\/05\/Klaffskopa-KS2000.png 600w, https:\/\/drivex.se\/wp-content\/uploads\/2018\/05\/Klaffskopa-KS2000-150x97.png 150w, https:\/\/drivex.se\/wp-content\/uploads\/2018\/05\/Klaffskopa-KS2000-300x195.png 300w\" sizes=\"auto, (max-width: 600px) 100vw, 600px\" \/><\/div><\/figure>[vc_column_text css=&#8221;.vc_custom_1613483364075{margin-top: 5px !important;}&#8221; font_size=&#8221;d:16px|pp:14px&#8221; font_weight=&#8221;600&#8243;]\n<p style=\"text-align: center;\">KS2130 \u2013 KS3000<\/p>\n[\/vc_column_text]<div class=\"vcex-spacing wpex-w-100 wpex-clear\" style=\"height:20px;\"><\/div>[\/vc_column][vc_column width=&#8221;1\/2&#8243; offset=&#8221;vc_col-xs-6&#8243;][\/vc_column][\/vc_row]\n<\/div>","protected":false},"excerpt":{"rendered":"<p>[vc_row full_width=&#8221;stretch_row_content_no_spaces&#8221; disable_element=&#8221;yes&#8221;][vc_column][vc_single_image image=&#8221;5162&#8243; el_class=&#8221;full_width&#8221;][\/vc_column][\/vc_row][vc_row][vc_column][vc_column_text]Drivex klaffskuffer er sn\u00f8skuffer tilpasset b\u00e5de store flater t.ex parkeringsplasser, industriomr\u00e5der, skoleg\u00e5rder m.m. og trange steder.[\/vc_column_text][\/vc_column][\/vc_row][vc_row equal_height=&#8221;yes&#8221;][vc_column width=&#8221;1\/2&#8243; offset=&#8221;vc_col-xs-6&#8243;][vc_column_text css=&#8221;.vc_custom_1613483364075{margin-top: 5px !important;}&#8221; font_size=&#8221;d:16px|pp:14px&#8221; font_weight=&#8221;600&#8243;] KS2130 \u2013 KS3000 [\/vc_column_text][\/vc_column][vc_column width=&#8221;1\/2&#8243; offset=&#8221;vc_col-xs-6&#8243;][vc_column_text css=&#8221;.vc_custom_1613483368844{margin-top: 5px !important;}&#8221; font_size=&#8221;d:16px|pp:14px&#8221; font_weight=&#8221;600&#8243;] KS2500 \u2013 KS3000 Flytende klaff [\/vc_column_text][\/vc_column][\/vc_row][vc_row equal_height=&#8221;yes&#8221; disable_element=&#8221;yes&#8221;][vc_column width=&#8221;1\/2&#8243; offset=&#8221;vc_col-xs-6&#8243;][vc_column_text css=&#8221;.vc_custom_1613483364075{margin-top: 5px !important;}&#8221; font_size=&#8221;d:16px|pp:14px&#8221; font_weight=&#8221;600&#8243;] KS2130&hellip;<\/p>\n","protected":false},"author":3,"featured_media":0,"parent":0,"menu_order":0,"comment_status":"closed","ping_status":"closed","template":"","meta":{"footnotes":""},"class_list":["post-5347","page","type-page","status-publish","hentry","entry","no-media"],"yoast_head":"<!-- This site is optimized with the Yoast SEO plugin v23.8 - https:\/\/yoast.com\/wordpress\/plugins\/seo\/ -->\n<title>Drivex klaffskuffer - Drivex<\/title>\n<meta name=\"description\" content=\"Klaffskopor \u00e4r sn\u00f6skopor anpassade f\u00f6r s\u00e5v\u00e4l stora ytor t ex parkeringsplatser, industriomr\u00e5den, skolg\u00e5rdar m m, som tr\u00e5nga utrymmen.\" \/>\n<meta name=\"robots\" content=\"index, follow, max-snippet:-1, max-image-preview:large, max-video-preview:-1\" \/>\n<link rel=\"canonical\" href=\"https:\/\/drivex.se\/no\/drivex-klaffskuffer\/\" \/>\n<meta property=\"og:locale\" content=\"nb_NO\" \/>\n<meta property=\"og:type\" content=\"article\" \/>\n<meta property=\"og:title\" content=\"Drivex klaffskuffer - Drivex\" \/>\n<meta property=\"og:description\" content=\"Klaffskopor \u00e4r sn\u00f6skopor anpassade f\u00f6r s\u00e5v\u00e4l stora ytor t ex parkeringsplatser, industriomr\u00e5den, skolg\u00e5rdar m m, som tr\u00e5nga utrymmen.\" \/>\n<meta property=\"og:url\" content=\"https:\/\/drivex.se\/no\/drivex-klaffskuffer\/\" \/>\n<meta property=\"og:site_name\" content=\"Drivex\" \/>\n<meta property=\"article:publisher\" content=\"https:\/\/www.facebook.com\/Drivex-178188605541864\/\" \/>\n<meta property=\"article:modified_time\" content=\"2023-08-09T09:04:38+00:00\" \/>\n<meta name=\"twitter:card\" content=\"summary_large_image\" \/>\n<meta name=\"twitter:label1\" content=\"Ansl. lesetid\" \/>\n\t<meta name=\"twitter:data1\" content=\"1 minutt\" \/>\n<script type=\"application\/ld+json\" class=\"yoast-schema-graph\">{\"@context\":\"https:\/\/schema.org\",\"@graph\":[{\"@type\":\"WebPage\",\"@id\":\"https:\/\/drivex.se\/no\/drivex-klaffskuffer\/\",\"url\":\"https:\/\/drivex.se\/no\/drivex-klaffskuffer\/\",\"name\":\"Drivex klaffskuffer - Drivex\",\"isPartOf\":{\"@id\":\"https:\/\/drivex.se\/no\/#website\"},\"datePublished\":\"2021-02-16T13:38:33+00:00\",\"dateModified\":\"2023-08-09T09:04:38+00:00\",\"description\":\"Klaffskopor \u00e4r sn\u00f6skopor anpassade f\u00f6r s\u00e5v\u00e4l stora ytor t ex parkeringsplatser, industriomr\u00e5den, skolg\u00e5rdar m m, som tr\u00e5nga utrymmen.\",\"breadcrumb\":{\"@id\":\"https:\/\/drivex.se\/no\/drivex-klaffskuffer\/#breadcrumb\"},\"inLanguage\":\"nb-NO\",\"potentialAction\":[{\"@type\":\"ReadAction\",\"target\":[\"https:\/\/drivex.se\/no\/drivex-klaffskuffer\/\"]}]},{\"@type\":\"BreadcrumbList\",\"@id\":\"https:\/\/drivex.se\/no\/drivex-klaffskuffer\/#breadcrumb\",\"itemListElement\":[{\"@type\":\"ListItem\",\"position\":1,\"name\":\"Hem\",\"item\":\"https:\/\/drivex.se\/no\/\"},{\"@type\":\"ListItem\",\"position\":2,\"name\":\"Drivex klaffskuffer\"}]},{\"@type\":\"WebSite\",\"@id\":\"https:\/\/drivex.se\/no\/#website\",\"url\":\"https:\/\/drivex.se\/no\/\",\"name\":\"Drivex\",\"description\":\"Redskap f\u00f6r hjullastare och traktor\",\"publisher\":{\"@id\":\"https:\/\/drivex.se\/no\/#organization\"},\"potentialAction\":[{\"@type\":\"SearchAction\",\"target\":{\"@type\":\"EntryPoint\",\"urlTemplate\":\"https:\/\/drivex.se\/no\/?s={search_term_string}\"},\"query-input\":{\"@type\":\"PropertyValueSpecification\",\"valueRequired\":true,\"valueName\":\"search_term_string\"}}],\"inLanguage\":\"nb-NO\"},{\"@type\":\"Organization\",\"@id\":\"https:\/\/drivex.se\/no\/#organization\",\"name\":\"Drivex AB\",\"url\":\"https:\/\/drivex.se\/no\/\",\"logo\":{\"@type\":\"ImageObject\",\"inLanguage\":\"nb-NO\",\"@id\":\"https:\/\/drivex.se\/no\/#\/schema\/logo\/image\/\",\"url\":\"https:\/\/drivex.se\/wp-content\/uploads\/2017\/12\/Drivex-CMYK.png\",\"contentUrl\":\"https:\/\/drivex.se\/wp-content\/uploads\/2017\/12\/Drivex-CMYK.png\",\"width\":140,\"height\":77,\"caption\":\"Drivex AB\"},\"image\":{\"@id\":\"https:\/\/drivex.se\/no\/#\/schema\/logo\/image\/\"},\"sameAs\":[\"https:\/\/www.facebook.com\/Drivex-178188605541864\/\"]}]}<\/script>\n<!-- \/ Yoast SEO plugin. -->","yoast_head_json":{"title":"Drivex klaffskuffer - Drivex","description":"Klaffskopor \u00e4r sn\u00f6skopor anpassade f\u00f6r s\u00e5v\u00e4l stora ytor t ex parkeringsplatser, industriomr\u00e5den, skolg\u00e5rdar m m, som tr\u00e5nga utrymmen.","robots":{"index":"index","follow":"follow","max-snippet":"max-snippet:-1","max-image-preview":"max-image-preview:large","max-video-preview":"max-video-preview:-1"},"canonical":"https:\/\/drivex.se\/no\/drivex-klaffskuffer\/","og_locale":"nb_NO","og_type":"article","og_title":"Drivex klaffskuffer - Drivex","og_description":"Klaffskopor \u00e4r sn\u00f6skopor anpassade f\u00f6r s\u00e5v\u00e4l stora ytor t ex parkeringsplatser, industriomr\u00e5den, skolg\u00e5rdar m m, som tr\u00e5nga utrymmen.","og_url":"https:\/\/drivex.se\/no\/drivex-klaffskuffer\/","og_site_name":"Drivex","article_publisher":"https:\/\/www.facebook.com\/Drivex-178188605541864\/","article_modified_time":"2023-08-09T09:04:38+00:00","twitter_card":"summary_large_image","twitter_misc":{"Ansl. lesetid":"1 minutt"},"schema":{"@context":"https:\/\/schema.org","@graph":[{"@type":"WebPage","@id":"https:\/\/drivex.se\/no\/drivex-klaffskuffer\/","url":"https:\/\/drivex.se\/no\/drivex-klaffskuffer\/","name":"Drivex klaffskuffer - Drivex","isPartOf":{"@id":"https:\/\/drivex.se\/no\/#website"},"datePublished":"2021-02-16T13:38:33+00:00","dateModified":"2023-08-09T09:04:38+00:00","description":"Klaffskopor \u00e4r sn\u00f6skopor anpassade f\u00f6r s\u00e5v\u00e4l stora ytor t ex parkeringsplatser, industriomr\u00e5den, skolg\u00e5rdar m m, som tr\u00e5nga utrymmen.","breadcrumb":{"@id":"https:\/\/drivex.se\/no\/drivex-klaffskuffer\/#breadcrumb"},"inLanguage":"nb-NO","potentialAction":[{"@type":"ReadAction","target":["https:\/\/drivex.se\/no\/drivex-klaffskuffer\/"]}]},{"@type":"BreadcrumbList","@id":"https:\/\/drivex.se\/no\/drivex-klaffskuffer\/#breadcrumb","itemListElement":[{"@type":"ListItem","position":1,"name":"Hem","item":"https:\/\/drivex.se\/no\/"},{"@type":"ListItem","position":2,"name":"Drivex klaffskuffer"}]},{"@type":"WebSite","@id":"https:\/\/drivex.se\/no\/#website","url":"https:\/\/drivex.se\/no\/","name":"Drivex","description":"Redskap f\u00f6r hjullastare och traktor","publisher":{"@id":"https:\/\/drivex.se\/no\/#organization"},"potentialAction":[{"@type":"SearchAction","target":{"@type":"EntryPoint","urlTemplate":"https:\/\/drivex.se\/no\/?s={search_term_string}"},"query-input":{"@type":"PropertyValueSpecification","valueRequired":true,"valueName":"search_term_string"}}],"inLanguage":"nb-NO"},{"@type":"Organization","@id":"https:\/\/drivex.se\/no\/#organization","name":"Drivex AB","url":"https:\/\/drivex.se\/no\/","logo":{"@type":"ImageObject","inLanguage":"nb-NO","@id":"https:\/\/drivex.se\/no\/#\/schema\/logo\/image\/","url":"https:\/\/drivex.se\/wp-content\/uploads\/2017\/12\/Drivex-CMYK.png","contentUrl":"https:\/\/drivex.se\/wp-content\/uploads\/2017\/12\/Drivex-CMYK.png","width":140,"height":77,"caption":"Drivex AB"},"image":{"@id":"https:\/\/drivex.se\/no\/#\/schema\/logo\/image\/"},"sameAs":["https:\/\/www.facebook.com\/Drivex-178188605541864\/"]}]}},"_links":{"self":[{"href":"https:\/\/drivex.se\/no\/wp-json\/wp\/v2\/pages\/5347","targetHints":{"allow":["GET"]}}],"collection":[{"href":"https:\/\/drivex.se\/no\/wp-json\/wp\/v2\/pages"}],"about":[{"href":"https:\/\/drivex.se\/no\/wp-json\/wp\/v2\/types\/page"}],"author":[{"embeddable":true,"href":"https:\/\/drivex.se\/no\/wp-json\/wp\/v2\/users\/3"}],"replies":[{"embeddable":true,"href":"https:\/\/drivex.se\/no\/wp-json\/wp\/v2\/comments?post=5347"}],"version-history":[{"count":15,"href":"https:\/\/drivex.se\/no\/wp-json\/wp\/v2\/pages\/5347\/revisions"}],"predecessor-version":[{"id":5739,"href":"https:\/\/drivex.se\/no\/wp-json\/wp\/v2\/pages\/5347\/revisions\/5739"}],"wp:attachment":[{"href":"https:\/\/drivex.se\/no\/wp-json\/wp\/v2\/media?parent=5347"}],"curies":[{"name":"wp","href":"https:\/\/api.w.org\/{rel}","templated":true}]}}