{"id":5363,"date":"2020-10-14T19:56:23","date_gmt":"2020-10-14T17:56:23","guid":{"rendered":"https:\/\/drivex.se\/drivex-skuffer\/"},"modified":"2023-08-09T15:08:11","modified_gmt":"2023-08-09T13:08:11","slug":"drivex-skuffer","status":"publish","type":"page","link":"https:\/\/drivex.se\/no\/drivex-skuffer\/","title":{"rendered":"Drivex skuffer"},"content":{"rendered":"<div class=\"wpb-content-wrapper\">[vc_row full_width=&#8221;stretch_row_content_no_spaces&#8221;][vc_column][vc_single_image image=&#8221;4998&#8243; el_class=&#8221;full_width&#8221;]<div class=\"vcex-spacing wpex-w-100 wpex-clear\" style=\"height:40px;\"><\/div>[\/vc_column][\/vc_row][vc_row][vc_column]<style>.vcex-heading.vcex_69f5ea4ceec26 .vcex-heading-inner{border-color:#1b4478;}.vcex-heading.vcex_69f5ea4ceec26{font-family:Orgon;}<\/style><h1 class=\"vcex-heading vcex-heading-bottom-border-w-color vcex-module wpex-heading wpex-text-2xl vc_custom_1602669717272 wpex-border-b-2 wpex-border-solid wpex-border-main vcex_69f5ea4ceec26\"><span class=\"vcex-heading-inner wpex-inline-block wpex-relative wpex-pb-5 wpex-border-b-2 wpex-border-solid wpex-border-accent\">Drivex skuffer<\/span><\/h1><div class=\"vcex-spacing wpex-w-100 wpex-clear\" style=\"height:5px;\"><\/div>[vc_column_text]Uansett om det er en lettmaterialskuffe eller en slitesterk grus- eller planeringsskuffe du er ute etter, har Drivex en l\u00f8sning for deg.[\/vc_column_text]<div class=\"vcex-spacing wpex-w-100 wpex-clear\" style=\"height:40px;\"><\/div>[\/vc_column][\/vc_row][vc_row equal_height=&#8221;yes&#8221;][vc_column width=&#8221;1\/2&#8243; offset=&#8221;vc_col-xs-6&#8243;]<figure class=\"vcex-image vcex-module wpex-mb-15 textcenter\"><div class=\"vcex-image-inner wpex-relative wpex-inline-block\"><a href=\"https:\/\/drivex.se\/no\/produkter\/redskap\/klaffskuffer-ks2130-3000\/\" title=\"Klaffskopor\"><img width=\"600\" height=\"389\" src=\"https:\/\/drivex.se\/wp-content\/uploads\/2018\/05\/Klaffskopa-KS2000.png\" class=\"vcex-image-img wpex-align-middle\" alt=\"\" loading=\"lazy\" decoding=\"async\" srcset=\"https:\/\/drivex.se\/wp-content\/uploads\/2018\/05\/Klaffskopa-KS2000.png 600w, https:\/\/drivex.se\/wp-content\/uploads\/2018\/05\/Klaffskopa-KS2000-150x97.png 150w, https:\/\/drivex.se\/wp-content\/uploads\/2018\/05\/Klaffskopa-KS2000-300x195.png 300w\" sizes=\"auto, (max-width: 600px) 100vw, 600px\" \/><\/a><\/div><\/figure>[vc_column_text css=&#8221;.vc_custom_1602697214942{margin-top: 5px !important;}&#8221; font_size=&#8221;d:16px|pp:14px&#8221; font_weight=&#8221;600&#8243;]\n<p style=\"text-align: center;\">Klaffskuffer<\/p>\n[\/vc_column_text]<div class=\"vcex-spacing wpex-w-100 wpex-clear\" style=\"height:20px;\"><\/div>[\/vc_column][vc_column width=&#8221;1\/2&#8243; offset=&#8221;vc_col-xs-6&#8243;]<style>.vcex-image.vcex_69f5ea4cf10b3 .vcex-image-inner{max-width:400px;}<\/style><figure class=\"vcex-image vcex-module wpex-mb-25 textcenter vcex_69f5ea4cf10b3\"><div class=\"vcex-image-inner wpex-relative wpex-inline-block\"><a href=\"https:\/\/drivex.se\/no\/produkter\/redskap\/lettmaterialskuffer\/\" title=\"L\u00e4ttmaterialskopor\"><img width=\"470\" height=\"338\" src=\"https:\/\/drivex.se\/wp-content\/uploads\/2018\/05\/LATTMATERIALSKOPA_2KBM_DSC6347-1.png\" class=\"vcex-image-img wpex-align-middle\" alt=\"\" loading=\"lazy\" decoding=\"async\" srcset=\"https:\/\/drivex.se\/wp-content\/uploads\/2018\/05\/LATTMATERIALSKOPA_2KBM_DSC6347-1.png 470w, https:\/\/drivex.se\/wp-content\/uploads\/2018\/05\/LATTMATERIALSKOPA_2KBM_DSC6347-1-150x108.png 150w, https:\/\/drivex.se\/wp-content\/uploads\/2018\/05\/LATTMATERIALSKOPA_2KBM_DSC6347-1-300x216.png 300w\" sizes=\"auto, (max-width: 470px) 100vw, 470px\" \/><\/a><\/div><\/figure>[vc_column_text css=&#8221;.vc_custom_1602697260078{margin-top: 5px !important;}&#8221; font_size=&#8221;d:16px|pp:14px&#8221; font_weight=&#8221;600&#8243;]\n<p style=\"text-align: center;\">Lettmaterialskuffer<\/p>\n[\/vc_column_text]<div class=\"vcex-spacing wpex-w-100 wpex-clear\" style=\"height:20px;\"><\/div>[\/vc_column][\/vc_row][vc_row equal_height=&#8221;yes&#8221;][vc_column width=&#8221;1\/2&#8243; offset=&#8221;vc_col-xs-6&#8243;]<div class=\"vcex-spacing wpex-w-100 wpex-clear\" style=\"height:20px;\"><\/div><figure class=\"vcex-image vcex-module wpex-mb-20 textcenter\"><div class=\"vcex-image-inner wpex-relative wpex-inline-block\"><a href=\"https:\/\/drivex.se\/no\/produkter\/redskap\/planeringsskuffer\/\" title=\"Planeringsskopor\"><img width=\"800\" height=\"374\" src=\"https:\/\/drivex.se\/wp-content\/uploads\/2018\/05\/drivex_bucket_ps_fh_p01_NY3.png\" class=\"vcex-image-img wpex-align-middle\" alt=\"\" loading=\"lazy\" decoding=\"async\" srcset=\"https:\/\/drivex.se\/wp-content\/uploads\/2018\/05\/drivex_bucket_ps_fh_p01_NY3.png 800w, https:\/\/drivex.se\/wp-content\/uploads\/2018\/05\/drivex_bucket_ps_fh_p01_NY3-150x70.png 150w, https:\/\/drivex.se\/wp-content\/uploads\/2018\/05\/drivex_bucket_ps_fh_p01_NY3-300x140.png 300w, https:\/\/drivex.se\/wp-content\/uploads\/2018\/05\/drivex_bucket_ps_fh_p01_NY3-768x359.png 768w\" sizes=\"auto, (max-width: 800px) 100vw, 800px\" \/><\/a><\/div><\/figure>[vc_column_text css=&#8221;.vc_custom_1602697351368{margin-top: 5px !important;margin-bottom: 0px !important;}&#8221; font_size=&#8221;d:16px|pp:14px&#8221; font_weight=&#8221;600&#8243;]\n<p style=\"text-align: center;\">Planeringsskuffer<\/p>\n[\/vc_column_text]<div class=\"vcex-spacing wpex-w-100 wpex-clear\" style=\"height:20px;\"><\/div>[\/vc_column][vc_column width=&#8221;1\/2&#8243; offset=&#8221;vc_col-xs-6&#8243;]<style>.vcex-image.vcex_69f5ea4cf23d6 .vcex-image-inner{max-width:400px;}<\/style><figure class=\"vcex-image vcex-module wpex-mb-20 textcenter vcex_69f5ea4cf23d6\"><div class=\"vcex-image-inner wpex-relative wpex-inline-block\"><a href=\"https:\/\/drivex.se\/no\/produkter\/redskap\/grusskuffer\/\" title=\"Grusskopor\"><img width=\"431\" height=\"240\" src=\"https:\/\/drivex.se\/wp-content\/uploads\/2018\/05\/Drivex-GS-2500_ny.png\" class=\"vcex-image-img wpex-align-middle\" alt=\"\" loading=\"lazy\" decoding=\"async\" srcset=\"https:\/\/drivex.se\/wp-content\/uploads\/2018\/05\/Drivex-GS-2500_ny.png 431w, https:\/\/drivex.se\/wp-content\/uploads\/2018\/05\/Drivex-GS-2500_ny-150x84.png 150w, https:\/\/drivex.se\/wp-content\/uploads\/2018\/05\/Drivex-GS-2500_ny-300x167.png 300w\" sizes=\"auto, (max-width: 431px) 100vw, 431px\" \/><\/a><\/div><\/figure>[vc_column_text css=&#8221;.vc_custom_1602697544652{margin-top: 5px !important;margin-bottom: 0px !important;}&#8221; font_size=&#8221;d:16px|pp:14px&#8221; font_weight=&#8221;600&#8243;]\n<p style=\"text-align: center;\">Grusskuffer<\/p>\n[\/vc_column_text]<div class=\"vcex-spacing wpex-w-100 wpex-clear\" style=\"height:20px;\"><\/div>[\/vc_column][\/vc_row][vc_row equal_height=&#8221;yes&#8221;][vc_column width=&#8221;1\/2&#8243; offset=&#8221;vc_col-xs-6&#8243;]<style>.vcex-image.vcex_69f5ea4cf2cd5 .vcex-image-inner{max-width:400px;}<\/style><figure class=\"vcex-image vcex-module wpex-mb-20 textcenter vcex_69f5ea4cf2cd5\"><div class=\"vcex-image-inner wpex-relative wpex-inline-block\"><a href=\"https:\/\/drivex.se\/no\/produkter\/redskap\/gjenfyllingsskuffer\/\" title=\"\u00c5terfyllnadsskopor\"><img width=\"300\" height=\"296\" src=\"https:\/\/drivex.se\/wp-content\/uploads\/2018\/05\/ATERFYLLNADSSSKOPA_KONISK_LITEN_DSC6390.png\" class=\"vcex-image-img wpex-align-middle\" alt=\"\" loading=\"lazy\" decoding=\"async\" srcset=\"https:\/\/drivex.se\/wp-content\/uploads\/2018\/05\/ATERFYLLNADSSSKOPA_KONISK_LITEN_DSC6390.png 300w, https:\/\/drivex.se\/wp-content\/uploads\/2018\/05\/ATERFYLLNADSSSKOPA_KONISK_LITEN_DSC6390-150x148.png 150w\" sizes=\"auto, (max-width: 300px) 100vw, 300px\" \/><\/a><\/div><\/figure>[vc_column_text css=&#8221;.vc_custom_1602697981967{margin-top: 5px !important;}&#8221; font_size=&#8221;d:16px|pp:14px&#8221; font_weight=&#8221;600&#8243;]\n<p style=\"text-align: center;\">Gjenfyllingsskuffer<\/p>\n[\/vc_column_text]<div class=\"vcex-spacing wpex-w-100 wpex-clear\" style=\"height:20px;\"><\/div>[\/vc_column][vc_column width=&#8221;1\/2&#8243; offset=&#8221;vc_col-xs-6&#8243;]<div class=\"vcex-spacing wpex-w-100 wpex-clear\" style=\"height:20px;\"><\/div>[\/vc_column][\/vc_row]\n<\/div>","protected":false},"excerpt":{"rendered":"<p>[vc_row full_width=&#8221;stretch_row_content_no_spaces&#8221;][vc_column][vc_single_image image=&#8221;4998&#8243; el_class=&#8221;full_width&#8221;][\/vc_column][\/vc_row][vc_row][vc_column][vc_column_text]Uansett om det er en lettmaterialskuffe eller en slitesterk grus- eller planeringsskuffe du er ute etter, har Drivex en l\u00f8sning for deg.[\/vc_column_text][\/vc_column][\/vc_row][vc_row equal_height=&#8221;yes&#8221;][vc_column width=&#8221;1\/2&#8243; offset=&#8221;vc_col-xs-6&#8243;][vc_column_text css=&#8221;.vc_custom_1602697214942{margin-top: 5px !important;}&#8221; font_size=&#8221;d:16px|pp:14px&#8221; font_weight=&#8221;600&#8243;] Klaffskuffer [\/vc_column_text][\/vc_column][vc_column width=&#8221;1\/2&#8243; offset=&#8221;vc_col-xs-6&#8243;][vc_column_text css=&#8221;.vc_custom_1602697260078{margin-top: 5px !important;}&#8221; font_size=&#8221;d:16px|pp:14px&#8221; font_weight=&#8221;600&#8243;] Lettmaterialskuffer [\/vc_column_text][\/vc_column][\/vc_row][vc_row equal_height=&#8221;yes&#8221;][vc_column width=&#8221;1\/2&#8243; offset=&#8221;vc_col-xs-6&#8243;][vc_column_text css=&#8221;.vc_custom_1602697351368{margin-top: 5px !important;margin-bottom: 0px !important;}&#8221; font_size=&#8221;d:16px|pp:14px&#8221; font_weight=&#8221;600&#8243;] Planeringsskuffer&hellip;<\/p>\n","protected":false},"author":3,"featured_media":0,"parent":0,"menu_order":0,"comment_status":"closed","ping_status":"closed","template":"","meta":{"footnotes":""},"class_list":["post-5363","page","type-page","status-publish","hentry","entry","no-media"],"yoast_head":"<!-- This site is optimized with the Yoast SEO plugin v23.8 - https:\/\/yoast.com\/wordpress\/plugins\/seo\/ -->\n<title>Drivex skuffer - Drivex<\/title>\n<meta name=\"description\" content=\"Skopor f\u00f6r alla situationer. Oavsett om det \u00e4r en l\u00e4ttmaterialskopa eller en slitstark grusskopa du beh\u00f6ver, s\u00e5 har Drivex en l\u00f6sning f\u00f6r dig.\" \/>\n<meta name=\"robots\" content=\"index, follow, max-snippet:-1, max-image-preview:large, max-video-preview:-1\" \/>\n<link rel=\"canonical\" href=\"https:\/\/drivex.se\/no\/drivex-skuffer\/\" \/>\n<meta property=\"og:locale\" content=\"nb_NO\" \/>\n<meta property=\"og:type\" content=\"article\" \/>\n<meta property=\"og:title\" content=\"Drivex skuffer - Drivex\" \/>\n<meta property=\"og:description\" content=\"Skopor f\u00f6r alla situationer. Oavsett om det \u00e4r en l\u00e4ttmaterialskopa eller en slitstark grusskopa du beh\u00f6ver, s\u00e5 har Drivex en l\u00f6sning f\u00f6r dig.\" \/>\n<meta property=\"og:url\" content=\"https:\/\/drivex.se\/no\/drivex-skuffer\/\" \/>\n<meta property=\"og:site_name\" content=\"Drivex\" \/>\n<meta property=\"article:publisher\" content=\"https:\/\/www.facebook.com\/Drivex-178188605541864\/\" \/>\n<meta property=\"article:modified_time\" content=\"2023-08-09T13:08:11+00:00\" \/>\n<meta name=\"twitter:card\" content=\"summary_large_image\" \/>\n<meta name=\"twitter:label1\" content=\"Ansl. lesetid\" \/>\n\t<meta name=\"twitter:data1\" content=\"1 minutt\" \/>\n<script type=\"application\/ld+json\" class=\"yoast-schema-graph\">{\"@context\":\"https:\/\/schema.org\",\"@graph\":[{\"@type\":\"WebPage\",\"@id\":\"https:\/\/drivex.se\/no\/drivex-skuffer\/\",\"url\":\"https:\/\/drivex.se\/no\/drivex-skuffer\/\",\"name\":\"Drivex skuffer - Drivex\",\"isPartOf\":{\"@id\":\"https:\/\/drivex.se\/no\/#website\"},\"datePublished\":\"2020-10-14T17:56:23+00:00\",\"dateModified\":\"2023-08-09T13:08:11+00:00\",\"description\":\"Skopor f\u00f6r alla situationer. Oavsett om det \u00e4r en l\u00e4ttmaterialskopa eller en slitstark grusskopa du beh\u00f6ver, s\u00e5 har Drivex en l\u00f6sning f\u00f6r dig.\",\"breadcrumb\":{\"@id\":\"https:\/\/drivex.se\/no\/drivex-skuffer\/#breadcrumb\"},\"inLanguage\":\"nb-NO\",\"potentialAction\":[{\"@type\":\"ReadAction\",\"target\":[\"https:\/\/drivex.se\/no\/drivex-skuffer\/\"]}]},{\"@type\":\"BreadcrumbList\",\"@id\":\"https:\/\/drivex.se\/no\/drivex-skuffer\/#breadcrumb\",\"itemListElement\":[{\"@type\":\"ListItem\",\"position\":1,\"name\":\"Hem\",\"item\":\"https:\/\/drivex.se\/no\/\"},{\"@type\":\"ListItem\",\"position\":2,\"name\":\"Drivex skuffer\"}]},{\"@type\":\"WebSite\",\"@id\":\"https:\/\/drivex.se\/no\/#website\",\"url\":\"https:\/\/drivex.se\/no\/\",\"name\":\"Drivex\",\"description\":\"Redskap f\u00f6r hjullastare och traktor\",\"publisher\":{\"@id\":\"https:\/\/drivex.se\/no\/#organization\"},\"potentialAction\":[{\"@type\":\"SearchAction\",\"target\":{\"@type\":\"EntryPoint\",\"urlTemplate\":\"https:\/\/drivex.se\/no\/?s={search_term_string}\"},\"query-input\":{\"@type\":\"PropertyValueSpecification\",\"valueRequired\":true,\"valueName\":\"search_term_string\"}}],\"inLanguage\":\"nb-NO\"},{\"@type\":\"Organization\",\"@id\":\"https:\/\/drivex.se\/no\/#organization\",\"name\":\"Drivex AB\",\"url\":\"https:\/\/drivex.se\/no\/\",\"logo\":{\"@type\":\"ImageObject\",\"inLanguage\":\"nb-NO\",\"@id\":\"https:\/\/drivex.se\/no\/#\/schema\/logo\/image\/\",\"url\":\"https:\/\/drivex.se\/wp-content\/uploads\/2017\/12\/Drivex-CMYK.png\",\"contentUrl\":\"https:\/\/drivex.se\/wp-content\/uploads\/2017\/12\/Drivex-CMYK.png\",\"width\":140,\"height\":77,\"caption\":\"Drivex AB\"},\"image\":{\"@id\":\"https:\/\/drivex.se\/no\/#\/schema\/logo\/image\/\"},\"sameAs\":[\"https:\/\/www.facebook.com\/Drivex-178188605541864\/\"]}]}<\/script>\n<!-- \/ Yoast SEO plugin. -->","yoast_head_json":{"title":"Drivex skuffer - Drivex","description":"Skopor f\u00f6r alla situationer. Oavsett om det \u00e4r en l\u00e4ttmaterialskopa eller en slitstark grusskopa du beh\u00f6ver, s\u00e5 har Drivex en l\u00f6sning f\u00f6r dig.","robots":{"index":"index","follow":"follow","max-snippet":"max-snippet:-1","max-image-preview":"max-image-preview:large","max-video-preview":"max-video-preview:-1"},"canonical":"https:\/\/drivex.se\/no\/drivex-skuffer\/","og_locale":"nb_NO","og_type":"article","og_title":"Drivex skuffer - Drivex","og_description":"Skopor f\u00f6r alla situationer. Oavsett om det \u00e4r en l\u00e4ttmaterialskopa eller en slitstark grusskopa du beh\u00f6ver, s\u00e5 har Drivex en l\u00f6sning f\u00f6r dig.","og_url":"https:\/\/drivex.se\/no\/drivex-skuffer\/","og_site_name":"Drivex","article_publisher":"https:\/\/www.facebook.com\/Drivex-178188605541864\/","article_modified_time":"2023-08-09T13:08:11+00:00","twitter_card":"summary_large_image","twitter_misc":{"Ansl. lesetid":"1 minutt"},"schema":{"@context":"https:\/\/schema.org","@graph":[{"@type":"WebPage","@id":"https:\/\/drivex.se\/no\/drivex-skuffer\/","url":"https:\/\/drivex.se\/no\/drivex-skuffer\/","name":"Drivex skuffer - Drivex","isPartOf":{"@id":"https:\/\/drivex.se\/no\/#website"},"datePublished":"2020-10-14T17:56:23+00:00","dateModified":"2023-08-09T13:08:11+00:00","description":"Skopor f\u00f6r alla situationer. Oavsett om det \u00e4r en l\u00e4ttmaterialskopa eller en slitstark grusskopa du beh\u00f6ver, s\u00e5 har Drivex en l\u00f6sning f\u00f6r dig.","breadcrumb":{"@id":"https:\/\/drivex.se\/no\/drivex-skuffer\/#breadcrumb"},"inLanguage":"nb-NO","potentialAction":[{"@type":"ReadAction","target":["https:\/\/drivex.se\/no\/drivex-skuffer\/"]}]},{"@type":"BreadcrumbList","@id":"https:\/\/drivex.se\/no\/drivex-skuffer\/#breadcrumb","itemListElement":[{"@type":"ListItem","position":1,"name":"Hem","item":"https:\/\/drivex.se\/no\/"},{"@type":"ListItem","position":2,"name":"Drivex skuffer"}]},{"@type":"WebSite","@id":"https:\/\/drivex.se\/no\/#website","url":"https:\/\/drivex.se\/no\/","name":"Drivex","description":"Redskap f\u00f6r hjullastare och traktor","publisher":{"@id":"https:\/\/drivex.se\/no\/#organization"},"potentialAction":[{"@type":"SearchAction","target":{"@type":"EntryPoint","urlTemplate":"https:\/\/drivex.se\/no\/?s={search_term_string}"},"query-input":{"@type":"PropertyValueSpecification","valueRequired":true,"valueName":"search_term_string"}}],"inLanguage":"nb-NO"},{"@type":"Organization","@id":"https:\/\/drivex.se\/no\/#organization","name":"Drivex AB","url":"https:\/\/drivex.se\/no\/","logo":{"@type":"ImageObject","inLanguage":"nb-NO","@id":"https:\/\/drivex.se\/no\/#\/schema\/logo\/image\/","url":"https:\/\/drivex.se\/wp-content\/uploads\/2017\/12\/Drivex-CMYK.png","contentUrl":"https:\/\/drivex.se\/wp-content\/uploads\/2017\/12\/Drivex-CMYK.png","width":140,"height":77,"caption":"Drivex AB"},"image":{"@id":"https:\/\/drivex.se\/no\/#\/schema\/logo\/image\/"},"sameAs":["https:\/\/www.facebook.com\/Drivex-178188605541864\/"]}]}},"_links":{"self":[{"href":"https:\/\/drivex.se\/no\/wp-json\/wp\/v2\/pages\/5363","targetHints":{"allow":["GET"]}}],"collection":[{"href":"https:\/\/drivex.se\/no\/wp-json\/wp\/v2\/pages"}],"about":[{"href":"https:\/\/drivex.se\/no\/wp-json\/wp\/v2\/types\/page"}],"author":[{"embeddable":true,"href":"https:\/\/drivex.se\/no\/wp-json\/wp\/v2\/users\/3"}],"replies":[{"embeddable":true,"href":"https:\/\/drivex.se\/no\/wp-json\/wp\/v2\/comments?post=5363"}],"version-history":[{"count":15,"href":"https:\/\/drivex.se\/no\/wp-json\/wp\/v2\/pages\/5363\/revisions"}],"predecessor-version":[{"id":5750,"href":"https:\/\/drivex.se\/no\/wp-json\/wp\/v2\/pages\/5363\/revisions\/5750"}],"wp:attachment":[{"href":"https:\/\/drivex.se\/no\/wp-json\/wp\/v2\/media?parent=5363"}],"curies":[{"name":"wp","href":"https:\/\/api.w.org\/{rel}","templated":true}]}}