{"id":5516,"date":"2020-10-14T19:57:12","date_gmt":"2020-10-14T17:57:12","guid":{"rendered":"https:\/\/drivex.se\/drivex-vikeploger\/"},"modified":"2023-08-09T14:59:52","modified_gmt":"2023-08-09T12:59:52","slug":"drivex-vikeploger","status":"publish","type":"page","link":"https:\/\/drivex.se\/no\/drivex-vikeploger\/","title":{"rendered":"Drivex vikeploger"},"content":{"rendered":"<div class=\"wpb-content-wrapper\">[vc_row full_width=&#8221;stretch_row_content_no_spaces&#8221;][vc_column][vc_single_image image=&#8221;5439&#8243; el_class=&#8221;full_width&#8221;]<div class=\"vcex-spacing wpex-w-100 wpex-clear\" style=\"height:40px;\"><\/div>[\/vc_column][\/vc_row][vc_row][vc_column]<style>.vcex-heading.vcex_69f357feb29e0 .vcex-heading-inner{border-color:#1b4478;}.vcex-heading.vcex_69f357feb29e0{font-family:Orgon;}<\/style><h1 class=\"vcex-heading vcex-heading-bottom-border-w-color vcex-module wpex-heading wpex-text-2xl vc_custom_1602669370623 wpex-border-b-2 wpex-border-solid wpex-border-main vcex_69f357feb29e0\"><span class=\"vcex-heading-inner wpex-inline-block wpex-relative wpex-pb-5 wpex-border-b-2 wpex-border-solid wpex-border-accent\">Drivex vikeploger<\/span><\/h1><div class=\"vcex-spacing wpex-w-100 wpex-clear\" style=\"height:5px;\"><\/div>[vc_column_text]<span style=\"color: #333333;\">Drivex vikeploger er konstruert og dimensjonert for profesjonelle brukere som stiller h\u00f8ye krav til resultat. Vikeplogene, eller vikebladene som noen sier, <\/span>har hydraulisk stillbare vinger som kan ploge sn\u00f8en mot h\u00f8yre eller venstre side (diagonalplog), som en V (spissplog) eller i Y-stilling for \u00e5 samle opp sn\u00f8en i plogbladet. <span style=\"color: #333333;\">Gjennom mange \u00e5rs erfaring samt egen og kunders testing er sn\u00f8plogene blitt utstyrt og utviklet med velpr\u00f8vde og kraftige komponenter. De store og popul\u00e6re vikeplogene i VB-serien 3,2 m \u2013 4,0 m fra Drivex gjorde stor suksess da de ble lansert p\u00e5 markedet. N\u00e5 har vi ogs\u00e5 lansert oppf\u00f8lgerne i de mindre modellene 1,7 \u2013 2,0 m og 2,4 m \u2013 2,8 m.<\/span>[\/vc_column_text]<div class=\"vcex-spacing wpex-w-100 wpex-clear\" style=\"height:40px;\"><\/div><h2 class=\"vcex-heading vcex-heading-plain vcex-module wpex-heading wpex-text-2xl\"><span class=\"vcex-heading-inner wpex-inline-block\">Nedenfor kan du selv velge plogen som dekker nettopp ditt behov<\/span><\/h2><div class=\"vcex-spacing wpex-w-100 wpex-clear\" style=\"height:40px;\"><\/div>[\/vc_column][\/vc_row][vc_row equal_height=&#8221;yes&#8221;][vc_column width=&#8221;1\/2&#8243; offset=&#8221;vc_col-xs-6&#8243;]<style>.vcex-image.vcex_69f357feb4804 .vcex-image-inner{max-width:400px;}<\/style><figure class=\"vcex-image vcex-module wpex-mb-15 textcenter vcex_69f357feb4804\"><div class=\"vcex-image-inner wpex-relative wpex-inline-block\"><a href=\"https:\/\/drivex.se\/no\/produkter\/redskap\/vikeplog-vb1700-vb2000\/\" title=\"Vikplog VB1700 - VB2000\"><img width=\"1100\" height=\"646\" src=\"https:\/\/drivex.se\/wp-content\/uploads\/2023\/03\/vikplog-2000.jpg\" class=\"vcex-image-img wpex-align-middle\" alt=\"Foto p\u00e5 vikplog f\u00f6r mindre maskiner\" loading=\"lazy\" decoding=\"async\" srcset=\"https:\/\/drivex.se\/wp-content\/uploads\/2023\/03\/vikplog-2000.jpg 1100w, https:\/\/drivex.se\/wp-content\/uploads\/2023\/03\/vikplog-2000-300x176.jpg 300w, https:\/\/drivex.se\/wp-content\/uploads\/2023\/03\/vikplog-2000-1024x601.jpg 1024w, https:\/\/drivex.se\/wp-content\/uploads\/2023\/03\/vikplog-2000-768x451.jpg 768w\" sizes=\"auto, (max-width: 1100px) 100vw, 1100px\" \/><\/a><\/div><\/figure>[vc_column_text css=&#8221;.vc_custom_1678085259895{margin-top: 5px !important;}&#8221; font_size=&#8221;d:16px|pp:14px&#8221; font_weight=&#8221;600&#8243;]\n<p style=\"text-align: center;\">Vikeplog 1700 \u2013 2000 for mindre maskiner<\/p>\n[\/vc_column_text][vc_column_text css=&#8221;.vc_custom_1678085597195{margin-top: 5px !important;}&#8221; font_weight=&#8221;400&#8243; font_family=&#8221;Orgon&#8221; font_size=&#8221;d:14|pp:12&#8243;]\n<p style=\"text-align: center;\">Vikeplogen finnes i to bredder, 1700 og 2000 mm, og er beregnet for mindre hjullastere, traktorer, kommunalmaskiner og redskapsb\u00e6rere som skal rydde sn\u00f8 p\u00e5 steder med begrenset plass.<\/p>\n[\/vc_column_text]<div class=\"vcex-spacing wpex-w-100 wpex-clear\" style=\"height:20px;\"><\/div>[\/vc_column][vc_column width=&#8221;1\/2&#8243; offset=&#8221;vc_col-xs-6&#8243;]<style>.vcex-image.vcex_69f357feb5543 .vcex-image-inner{max-width:420px;}<\/style><figure class=\"vcex-image vcex-module wpex-mb-25 textcenter vcex_69f357feb5543\"><div class=\"vcex-image-inner wpex-relative wpex-inline-block\"><a href=\"https:\/\/drivex.se\/no\/produkter\/redskap\/vikeplog-vb2400-vb2800\/\" title=\"Vikplog VB2400 \u2013 VB2800\"><img width=\"1100\" height=\"555\" src=\"https:\/\/drivex.se\/wp-content\/uploads\/2023\/03\/vikplog-2400-2800.jpg\" class=\"vcex-image-img wpex-align-middle\" alt=\"Foto p\u00e5 vikplog f\u00f6r mellanklassens maskiner\" loading=\"lazy\" decoding=\"async\" srcset=\"https:\/\/drivex.se\/wp-content\/uploads\/2023\/03\/vikplog-2400-2800.jpg 1100w, https:\/\/drivex.se\/wp-content\/uploads\/2023\/03\/vikplog-2400-2800-300x151.jpg 300w, https:\/\/drivex.se\/wp-content\/uploads\/2023\/03\/vikplog-2400-2800-1024x517.jpg 1024w, https:\/\/drivex.se\/wp-content\/uploads\/2023\/03\/vikplog-2400-2800-768x387.jpg 768w\" sizes=\"auto, (max-width: 1100px) 100vw, 1100px\" \/><\/a><\/div><\/figure>[vc_column_text css=&#8221;.vc_custom_1678086224937{margin-top: 5px !important;}&#8221; font_size=&#8221;d:16px|pp:14px&#8221; font_weight=&#8221;600&#8243;]\n<p style=\"text-align: center;\">Vikeplog 2400 \u2013 2800 for mellomklassens maskiner<\/p>\n[\/vc_column_text][vc_column_text css=&#8221;.vc_custom_1675172216368{margin-top: 5px !important;}&#8221; font_weight=&#8221;400&#8243; font_family=&#8221;Orgon&#8221; line_height=&#8221;0&#8243; font_size=&#8221;d:14|tl:14|tp:14|pl:12|pp:12&#8243;]\n<p style=\"text-align: center;\">Beregnet for maskiner i mellomklassen, parktraktorer, hjullastere<br \/>\nog redskapsb\u00e6rere som kan bruke noe bredere ploger.<br \/>\nFinnes i to bredder, 2400 og 2800 mm<br \/>\n(Flytstilling standard, med l\u00e5sing som ekstrautstyr)<\/p>\n[\/vc_column_text]<div class=\"vcex-spacing wpex-w-100 wpex-clear\" style=\"height:20px;\"><\/div>[\/vc_column][\/vc_row][vc_row equal_height=&#8221;yes&#8221;][vc_column width=&#8221;1\/2&#8243; offset=&#8221;vc_col-xs-6&#8243;]<style>.vcex-image.vcex_69f357feb6077 .vcex-image-inner{max-width:480px;}<\/style><figure class=\"vcex-image vcex-module wpex-mb-20 textleft vcex_69f357feb6077\"><div class=\"vcex-image-inner wpex-relative wpex-inline-block\"><a href=\"https:\/\/drivex.se\/no\/produkter\/redskap\/vikeplog-vb320-vb400\/\" title=\"Vikplog VB320 \u2013 VB400\"><img width=\"1100\" height=\"584\" src=\"https:\/\/drivex.se\/wp-content\/uploads\/2023\/03\/vikplog-320-400-3.jpg\" class=\"vcex-image-img wpex-align-middle\" alt=\"Foto p\u00e5\" loading=\"lazy\" decoding=\"async\" srcset=\"https:\/\/drivex.se\/wp-content\/uploads\/2023\/03\/vikplog-320-400-3.jpg 1100w, https:\/\/drivex.se\/wp-content\/uploads\/2023\/03\/vikplog-320-400-3-300x159.jpg 300w, https:\/\/drivex.se\/wp-content\/uploads\/2023\/03\/vikplog-320-400-3-1024x544.jpg 1024w, https:\/\/drivex.se\/wp-content\/uploads\/2023\/03\/vikplog-320-400-3-768x408.jpg 768w\" sizes=\"auto, (max-width: 1100px) 100vw, 1100px\" \/><\/a><\/div><\/figure>[vc_column_text css=&#8221;.vc_custom_1678086242639{margin-top: 5px !important;}&#8221; font_size=&#8221;d:16px|pp:14px&#8221; font_weight=&#8221;600&#8243;]\n<p style=\"text-align: center;\">Vikeplog 320 \u2013 400 for de st\u00f8rre maskinene<\/p>\n[\/vc_column_text][vc_column_text css=&#8221;.vc_custom_1678086333964{margin-top: 5px !important;}&#8221; font_weight=&#8221;400&#8243; font_family=&#8221;Orgon&#8221; font_size=&#8221;d:14|tl:14|tp:14|pl:12|pp:12&#8243;]\n<p style=\"text-align: center;\">Konstruert med en vingeform som kaster sn\u00f8en litt bedre enn rette blader. Flere tilbeh\u00f8r \u00e5 velge mellom, og finnes i tre bredder, 3200, 3700 og 4000 mm. (Flytstilling standard, med l\u00e5sing som ekstrautstyr)<\/p>\n[\/vc_column_text]<div class=\"vcex-spacing wpex-w-100 wpex-clear\" style=\"height:20px;\"><\/div>[\/vc_column][vc_column width=&#8221;1\/2&#8243; offset=&#8221;vc_col-xs-6&#8243;]<style>.vcex-image.vcex_69f357feb6a98 .vcex-image-inner{max-width:400px;}<\/style><figure class=\"vcex-image vcex-module wpex-mb-20 textcenter vcex_69f357feb6a98\"><div class=\"vcex-image-inner wpex-relative wpex-inline-block\"><a href=\"https:\/\/drivex.se\/no\/produkter\/redskap\/vikeplog-city-vb320-vb400-cpl\/\" title=\"Vikplog City VB320 \u2013 VB400 CPL\"><img width=\"1100\" height=\"654\" src=\"https:\/\/drivex.se\/wp-content\/uploads\/2023\/03\/vikplog-320-400-cpl-1.jpg\" class=\"vcex-image-img wpex-align-middle\" alt=\"Foto p\u00e5 vikplog f\u00f6r b\u00e4sta framkomlighet\" loading=\"lazy\" decoding=\"async\" srcset=\"https:\/\/drivex.se\/wp-content\/uploads\/2023\/03\/vikplog-320-400-cpl-1.jpg 1100w, https:\/\/drivex.se\/wp-content\/uploads\/2023\/03\/vikplog-320-400-cpl-1-300x178.jpg 300w, https:\/\/drivex.se\/wp-content\/uploads\/2023\/03\/vikplog-320-400-cpl-1-1024x609.jpg 1024w, https:\/\/drivex.se\/wp-content\/uploads\/2023\/03\/vikplog-320-400-cpl-1-768x457.jpg 768w\" sizes=\"auto, (max-width: 1100px) 100vw, 1100px\" \/><\/a><\/div><\/figure>[vc_column_text css=&#8221;.vc_custom_1678086234351{margin-top: 5px !important;margin-bottom: 0px !important;}&#8221; font_size=&#8221;d:16px|pp:14px&#8221; font_weight=&#8221;600&#8243;]\n<p style=\"text-align: center;\">Vikeplog 320 \u2013 400 CPL for best tilgjengelighet<\/p>\n[\/vc_column_text][vc_column_text css=&#8221;.vc_custom_1675172248765{margin-top: 5px !important;}&#8221; font_weight=&#8221;400&#8243; font_family=&#8221;Orgon&#8221; line_height=&#8221;0&#8243; font_size=&#8221;d:14|tl:14|tp:14|pl:12|pp:12&#8243;]\n<p style=\"text-align: center;\">Litt lavere bygget enn \u00abstandard\u00bb VB320 \u2013 VB400 og med helt rette vinger. Et godt alternativ for rydding av sn\u00f8 p\u00e5 trange steder der man trenger litt bedre sikt. Finnes i breddene 3200, 3700 og 4000 mm.<br \/>\n(Flytstilling standard, med l\u00e5sing som ekstrautstyr)<\/p>\n[\/vc_column_text]<div class=\"vcex-spacing wpex-w-100 wpex-clear\" style=\"height:20px;\"><\/div>[\/vc_column][\/vc_row][vc_row equal_height=&#8221;yes&#8221;][vc_column width=&#8221;1\/2&#8243; offset=&#8221;vc_col-xs-6&#8243;]<figure class=\"vcex-image vcex-module\"><div class=\"vcex-image-inner wpex-relative wpex-inline-block\"><a href=\"https:\/\/drivex.se\/no\/produkter\/redskap\/vikeplog-vb320-vb400-pos\/\" title=\"Vikplog VB320 \u2013 VB400 Pos\"><img width=\"1100\" height=\"640\" src=\"https:\/\/drivex.se\/wp-content\/uploads\/2023\/03\/vikplog-320-400-positiv-skarvinkel-1.jpg\" class=\"vcex-image-img wpex-align-middle\" alt=\"Foto p\u00e5 vikplog med positiv sk\u00e4rvinkel\" loading=\"lazy\" decoding=\"async\" srcset=\"https:\/\/drivex.se\/wp-content\/uploads\/2023\/03\/vikplog-320-400-positiv-skarvinkel-1.jpg 1100w, https:\/\/drivex.se\/wp-content\/uploads\/2023\/03\/vikplog-320-400-positiv-skarvinkel-1-300x175.jpg 300w, https:\/\/drivex.se\/wp-content\/uploads\/2023\/03\/vikplog-320-400-positiv-skarvinkel-1-1024x596.jpg 1024w, https:\/\/drivex.se\/wp-content\/uploads\/2023\/03\/vikplog-320-400-positiv-skarvinkel-1-768x447.jpg 768w\" sizes=\"auto, (max-width: 1100px) 100vw, 1100px\" \/><\/a><\/div><\/figure>[vc_column_text css=&#8221;.vc_custom_1678086255167{margin-top: 5px !important;margin-bottom: 0px !important;}&#8221; font_size=&#8221;d:16px|pp:14px&#8221; font_weight=&#8221;600&#8243;]\n<p style=\"text-align: center;\">Vikeplog 320 \u2013 400 POS med 20\u00b0 positiv skj\u00e6revinkel<\/p>\n[\/vc_column_text][vc_column_text css=&#8221;.vc_custom_1675172265236{margin-top: 5px !important;}&#8221; font_weight=&#8221;400&#8243; font_family=&#8221;Orgon&#8221; line_height=&#8221;0&#8243; font_size=&#8221;d:14|tl:14|tp:14|pl:12|pp:12&#8243;]\n<p style=\"text-align: center;\">Samme chassis som \u00abstandard\u00bb VB320 \u2013 VB400, men med<br \/>\n20\u00b0 positiv skj\u00e6revinkel. Det gj\u00f8r at hardpakket sn\u00f8 blir enklere \u00e5 skj\u00e6re<br \/>\nogs\u00e5 ved lavere hastigheter. Perfekt for \u00e5 bryte opp hardpakkede veier.<br \/>\n(Flytstilling standard, med l\u00e5sing som ekstrautstyr)<\/p>\n[\/vc_column_text]<div class=\"vcex-spacing wpex-w-100 wpex-clear\" style=\"height:20px;\"><\/div>[\/vc_column][\/vc_row]\n<\/div>","protected":false},"excerpt":{"rendered":"<p>[vc_row full_width=&#8221;stretch_row_content_no_spaces&#8221;][vc_column][vc_single_image image=&#8221;5439&#8243; el_class=&#8221;full_width&#8221;][\/vc_column][\/vc_row][vc_row][vc_column][vc_column_text]Drivex vikeploger er konstruert og dimensjonert for profesjonelle brukere som stiller h\u00f8ye krav til resultat. Vikeplogene, eller vikebladene som noen sier, har hydraulisk stillbare vinger som kan ploge sn\u00f8en mot h\u00f8yre eller venstre side (diagonalplog), som en V (spissplog) eller i Y-stilling for \u00e5 samle opp sn\u00f8en i plogbladet. Gjennom mange \u00e5rs&hellip;<\/p>\n","protected":false},"author":3,"featured_media":0,"parent":0,"menu_order":0,"comment_status":"closed","ping_status":"closed","template":"","meta":{"footnotes":""},"class_list":["post-5516","page","type-page","status-publish","hentry","entry","no-media"],"yoast_head":"<!-- This site is optimized with the Yoast SEO plugin v23.8 - https:\/\/yoast.com\/wordpress\/plugins\/seo\/ -->\n<title>Drivex vikeploger - Drivex<\/title>\n<meta name=\"description\" content=\"Vi har vikeploger til alle behov, fra sm\u00e5 hvor tilgjengelighet er i fokus til st\u00f8rre. Alle ploger er for profesjonelle brukere med h\u00f8ye krav til resultat.\" \/>\n<meta name=\"robots\" content=\"index, follow, max-snippet:-1, max-image-preview:large, max-video-preview:-1\" \/>\n<link rel=\"canonical\" href=\"https:\/\/drivex.se\/no\/drivex-vikeploger\/\" \/>\n<meta property=\"og:locale\" content=\"nb_NO\" \/>\n<meta property=\"og:type\" content=\"article\" \/>\n<meta property=\"og:title\" content=\"Drivex vikeploger - Drivex\" \/>\n<meta property=\"og:description\" content=\"Vi har vikeploger til alle behov, fra sm\u00e5 hvor tilgjengelighet er i fokus til st\u00f8rre. Alle ploger er for profesjonelle brukere med h\u00f8ye krav til resultat.\" \/>\n<meta property=\"og:url\" content=\"https:\/\/drivex.se\/no\/drivex-vikeploger\/\" \/>\n<meta property=\"og:site_name\" content=\"Drivex\" \/>\n<meta property=\"article:publisher\" content=\"https:\/\/www.facebook.com\/Drivex-178188605541864\/\" \/>\n<meta property=\"article:modified_time\" content=\"2023-08-09T12:59:52+00:00\" \/>\n<meta name=\"twitter:card\" content=\"summary_large_image\" \/>\n<meta name=\"twitter:label1\" content=\"Ansl. lesetid\" \/>\n\t<meta name=\"twitter:data1\" content=\"3 minutter\" \/>\n<script type=\"application\/ld+json\" class=\"yoast-schema-graph\">{\"@context\":\"https:\/\/schema.org\",\"@graph\":[{\"@type\":\"WebPage\",\"@id\":\"https:\/\/drivex.se\/no\/drivex-vikeploger\/\",\"url\":\"https:\/\/drivex.se\/no\/drivex-vikeploger\/\",\"name\":\"Drivex vikeploger - Drivex\",\"isPartOf\":{\"@id\":\"https:\/\/drivex.se\/no\/#website\"},\"datePublished\":\"2020-10-14T17:57:12+00:00\",\"dateModified\":\"2023-08-09T12:59:52+00:00\",\"description\":\"Vi har vikeploger til alle behov, fra sm\u00e5 hvor tilgjengelighet er i fokus til st\u00f8rre. Alle ploger er for profesjonelle brukere med h\u00f8ye krav til resultat.\",\"breadcrumb\":{\"@id\":\"https:\/\/drivex.se\/no\/drivex-vikeploger\/#breadcrumb\"},\"inLanguage\":\"nb-NO\",\"potentialAction\":[{\"@type\":\"ReadAction\",\"target\":[\"https:\/\/drivex.se\/no\/drivex-vikeploger\/\"]}]},{\"@type\":\"BreadcrumbList\",\"@id\":\"https:\/\/drivex.se\/no\/drivex-vikeploger\/#breadcrumb\",\"itemListElement\":[{\"@type\":\"ListItem\",\"position\":1,\"name\":\"Hem\",\"item\":\"https:\/\/drivex.se\/no\/\"},{\"@type\":\"ListItem\",\"position\":2,\"name\":\"Drivex vikeploger\"}]},{\"@type\":\"WebSite\",\"@id\":\"https:\/\/drivex.se\/no\/#website\",\"url\":\"https:\/\/drivex.se\/no\/\",\"name\":\"Drivex\",\"description\":\"Redskap f\u00f6r hjullastare och traktor\",\"publisher\":{\"@id\":\"https:\/\/drivex.se\/no\/#organization\"},\"potentialAction\":[{\"@type\":\"SearchAction\",\"target\":{\"@type\":\"EntryPoint\",\"urlTemplate\":\"https:\/\/drivex.se\/no\/?s={search_term_string}\"},\"query-input\":{\"@type\":\"PropertyValueSpecification\",\"valueRequired\":true,\"valueName\":\"search_term_string\"}}],\"inLanguage\":\"nb-NO\"},{\"@type\":\"Organization\",\"@id\":\"https:\/\/drivex.se\/no\/#organization\",\"name\":\"Drivex AB\",\"url\":\"https:\/\/drivex.se\/no\/\",\"logo\":{\"@type\":\"ImageObject\",\"inLanguage\":\"nb-NO\",\"@id\":\"https:\/\/drivex.se\/no\/#\/schema\/logo\/image\/\",\"url\":\"https:\/\/drivex.se\/wp-content\/uploads\/2017\/12\/Drivex-CMYK.png\",\"contentUrl\":\"https:\/\/drivex.se\/wp-content\/uploads\/2017\/12\/Drivex-CMYK.png\",\"width\":140,\"height\":77,\"caption\":\"Drivex AB\"},\"image\":{\"@id\":\"https:\/\/drivex.se\/no\/#\/schema\/logo\/image\/\"},\"sameAs\":[\"https:\/\/www.facebook.com\/Drivex-178188605541864\/\"]}]}<\/script>\n<!-- \/ Yoast SEO plugin. -->","yoast_head_json":{"title":"Drivex vikeploger - Drivex","description":"Vi har vikeploger til alle behov, fra sm\u00e5 hvor tilgjengelighet er i fokus til st\u00f8rre. Alle ploger er for profesjonelle brukere med h\u00f8ye krav til resultat.","robots":{"index":"index","follow":"follow","max-snippet":"max-snippet:-1","max-image-preview":"max-image-preview:large","max-video-preview":"max-video-preview:-1"},"canonical":"https:\/\/drivex.se\/no\/drivex-vikeploger\/","og_locale":"nb_NO","og_type":"article","og_title":"Drivex vikeploger - Drivex","og_description":"Vi har vikeploger til alle behov, fra sm\u00e5 hvor tilgjengelighet er i fokus til st\u00f8rre. Alle ploger er for profesjonelle brukere med h\u00f8ye krav til resultat.","og_url":"https:\/\/drivex.se\/no\/drivex-vikeploger\/","og_site_name":"Drivex","article_publisher":"https:\/\/www.facebook.com\/Drivex-178188605541864\/","article_modified_time":"2023-08-09T12:59:52+00:00","twitter_card":"summary_large_image","twitter_misc":{"Ansl. lesetid":"3 minutter"},"schema":{"@context":"https:\/\/schema.org","@graph":[{"@type":"WebPage","@id":"https:\/\/drivex.se\/no\/drivex-vikeploger\/","url":"https:\/\/drivex.se\/no\/drivex-vikeploger\/","name":"Drivex vikeploger - Drivex","isPartOf":{"@id":"https:\/\/drivex.se\/no\/#website"},"datePublished":"2020-10-14T17:57:12+00:00","dateModified":"2023-08-09T12:59:52+00:00","description":"Vi har vikeploger til alle behov, fra sm\u00e5 hvor tilgjengelighet er i fokus til st\u00f8rre. Alle ploger er for profesjonelle brukere med h\u00f8ye krav til resultat.","breadcrumb":{"@id":"https:\/\/drivex.se\/no\/drivex-vikeploger\/#breadcrumb"},"inLanguage":"nb-NO","potentialAction":[{"@type":"ReadAction","target":["https:\/\/drivex.se\/no\/drivex-vikeploger\/"]}]},{"@type":"BreadcrumbList","@id":"https:\/\/drivex.se\/no\/drivex-vikeploger\/#breadcrumb","itemListElement":[{"@type":"ListItem","position":1,"name":"Hem","item":"https:\/\/drivex.se\/no\/"},{"@type":"ListItem","position":2,"name":"Drivex vikeploger"}]},{"@type":"WebSite","@id":"https:\/\/drivex.se\/no\/#website","url":"https:\/\/drivex.se\/no\/","name":"Drivex","description":"Redskap f\u00f6r hjullastare och traktor","publisher":{"@id":"https:\/\/drivex.se\/no\/#organization"},"potentialAction":[{"@type":"SearchAction","target":{"@type":"EntryPoint","urlTemplate":"https:\/\/drivex.se\/no\/?s={search_term_string}"},"query-input":{"@type":"PropertyValueSpecification","valueRequired":true,"valueName":"search_term_string"}}],"inLanguage":"nb-NO"},{"@type":"Organization","@id":"https:\/\/drivex.se\/no\/#organization","name":"Drivex AB","url":"https:\/\/drivex.se\/no\/","logo":{"@type":"ImageObject","inLanguage":"nb-NO","@id":"https:\/\/drivex.se\/no\/#\/schema\/logo\/image\/","url":"https:\/\/drivex.se\/wp-content\/uploads\/2017\/12\/Drivex-CMYK.png","contentUrl":"https:\/\/drivex.se\/wp-content\/uploads\/2017\/12\/Drivex-CMYK.png","width":140,"height":77,"caption":"Drivex AB"},"image":{"@id":"https:\/\/drivex.se\/no\/#\/schema\/logo\/image\/"},"sameAs":["https:\/\/www.facebook.com\/Drivex-178188605541864\/"]}]}},"_links":{"self":[{"href":"https:\/\/drivex.se\/no\/wp-json\/wp\/v2\/pages\/5516","targetHints":{"allow":["GET"]}}],"collection":[{"href":"https:\/\/drivex.se\/no\/wp-json\/wp\/v2\/pages"}],"about":[{"href":"https:\/\/drivex.se\/no\/wp-json\/wp\/v2\/types\/page"}],"author":[{"embeddable":true,"href":"https:\/\/drivex.se\/no\/wp-json\/wp\/v2\/users\/3"}],"replies":[{"embeddable":true,"href":"https:\/\/drivex.se\/no\/wp-json\/wp\/v2\/comments?post=5516"}],"version-history":[{"count":13,"href":"https:\/\/drivex.se\/no\/wp-json\/wp\/v2\/pages\/5516\/revisions"}],"predecessor-version":[{"id":5748,"href":"https:\/\/drivex.se\/no\/wp-json\/wp\/v2\/pages\/5516\/revisions\/5748"}],"wp:attachment":[{"href":"https:\/\/drivex.se\/no\/wp-json\/wp\/v2\/media?parent=5516"}],"curies":[{"name":"wp","href":"https:\/\/api.w.org\/{rel}","templated":true}]}}