{"id":5525,"date":"2020-10-15T22:55:43","date_gmt":"2020-10-15T20:55:43","guid":{"rendered":"https:\/\/drivex.se\/drivex-sandsprederskuffer\/"},"modified":"2023-08-09T15:10:24","modified_gmt":"2023-08-09T13:10:24","slug":"drivex-sandsprederskuffer","status":"publish","type":"page","link":"https:\/\/drivex.se\/no\/drivex-sandsprederskuffer\/","title":{"rendered":"Drivex sandsprederskuffer"},"content":{"rendered":"<div class=\"wpb-content-wrapper\">[vc_row full_width=&#8221;stretch_row_content_no_spaces&#8221;][vc_column][vc_single_image image=&#8221;5043&#8243; el_class=&#8221;full_width&#8221;]<div class=\"vcex-spacing wpex-w-100 wpex-clear\" style=\"height:40px;\"><\/div>[\/vc_column][\/vc_row][vc_row][vc_column]<style>.vcex-heading.vcex_69f1124bd5c96 .vcex-heading-inner{border-color:#1b4478;}.vcex-heading.vcex_69f1124bd5c96{font-family:Orgon;}<\/style><h1 class=\"vcex-heading vcex-heading-bottom-border-w-color vcex-module wpex-heading wpex-text-2xl vc_custom_1603279318582 wpex-border-b-2 wpex-border-solid wpex-border-main vcex_69f1124bd5c96\"><span class=\"vcex-heading-inner wpex-inline-block wpex-relative wpex-pb-5 wpex-border-b-2 wpex-border-solid wpex-border-accent\">Drivex sandsprederskuffer<\/span><\/h1><div class=\"vcex-spacing wpex-w-100 wpex-clear\" style=\"height:5px;\"><\/div>[vc_column_text]Sandsprederskuffer beregnet for effektiv og sikker str\u00f8ing. V\u00e5re sandspredere er konstruert for jevn og effektiv utmating, og kan utstyres med trinnl\u00f8s regulering.[\/vc_column_text]<div class=\"vcex-spacing wpex-w-100 wpex-clear\" style=\"height:40px;\"><\/div>[\/vc_column][\/vc_row][vc_row equal_height=&#8221;yes&#8221;][vc_column width=&#8221;1\/2&#8243; offset=&#8221;vc_col-xs-6&#8243;]<style>.vcex-image.vcex_69f1124bd7454 .vcex-image-inner{max-width:400px;}<\/style><figure class=\"vcex-image vcex-module wpex-mb-20 textleft vcex_69f1124bd7454\"><div class=\"vcex-image-inner wpex-relative wpex-inline-block\"><a href=\"https:\/\/drivex.se\/no\/produkter\/redskap\/sandsprederskuffer-ss04c-ss15c\/\" title=\"Sandspridarskopor SS04C \u2013 SS15C\"><img width=\"600\" height=\"405\" src=\"https:\/\/drivex.se\/wp-content\/uploads\/2018\/05\/drivex_bucket_ss04_p01.png\" class=\"vcex-image-img wpex-align-middle\" alt=\"\" loading=\"lazy\" decoding=\"async\" srcset=\"https:\/\/drivex.se\/wp-content\/uploads\/2018\/05\/drivex_bucket_ss04_p01.png 600w, https:\/\/drivex.se\/wp-content\/uploads\/2018\/05\/drivex_bucket_ss04_p01-300x203.png 300w\" sizes=\"auto, (max-width: 600px) 100vw, 600px\" \/><\/a><\/div><\/figure>[vc_column_text css=&#8221;.vc_custom_1602698067829{margin-top: 5px !important;}&#8221; font_size=&#8221;d:16px|pp:14px&#8221; font_weight=&#8221;600&#8243;]\nSandsprederskuffer SS04C\u00a0\u2013\u00a0SS15C<br \/>\n[\/vc_column_text][vc_column_text font_size=&#8221;d:14|tl:14|tp:14|pl:12|pp:12&#8243; line_height=&#8221;0&#8243; font_weight=&#8221;400&#8243;]\nSandsprederskuffer for mindre hjullastere og landbrukstraktorer. Finnes i fire st\u00f8rrelser med 400, 600, 1000 eller 1500 liters kapasitet.<br \/>\n[\/vc_column_text]<div class=\"vcex-spacing wpex-w-100 wpex-clear\" style=\"height:20px;\"><\/div>[\/vc_column][vc_column width=&#8221;1\/2&#8243; offset=&#8221;vc_col-xs-6&#8243;]<figure class=\"vcex-image vcex-module wpex-mb-20 textright\"><div class=\"vcex-image-inner wpex-relative wpex-inline-block\"><a href=\"https:\/\/drivex.se\/no\/produkter\/redskap\/sandsprederskuffer-ss20-ss40\/\" title=\"Sandspridarskopor SS20 \u2013 SS40\"><img width=\"400\" height=\"280\" src=\"https:\/\/drivex.se\/wp-content\/uploads\/2018\/05\/drivex_bucket_ss20-40_p04_NY2.png\" class=\"vcex-image-img wpex-align-middle\" alt=\"\" loading=\"lazy\" decoding=\"async\" srcset=\"https:\/\/drivex.se\/wp-content\/uploads\/2018\/05\/drivex_bucket_ss20-40_p04_NY2.png 400w, https:\/\/drivex.se\/wp-content\/uploads\/2018\/05\/drivex_bucket_ss20-40_p04_NY2-150x105.png 150w, https:\/\/drivex.se\/wp-content\/uploads\/2018\/05\/drivex_bucket_ss20-40_p04_NY2-300x210.png 300w\" sizes=\"auto, (max-width: 400px) 100vw, 400px\" \/><\/a><\/div><\/figure>[vc_column_text css=&#8221;.vc_custom_1602698077248{margin-top: 5px !important;}&#8221; font_size=&#8221;d:16px|pp:14px&#8221; font_weight=&#8221;600&#8243;]\nSandsprederskuffer SS20\u00a0\u2013\u00a0SS40<br \/>\n[\/vc_column_text][vc_column_text font_family=&#8221;Orgon&#8221; font_size=&#8221;d:14|tl:14|tp:14|pl:12|pp:12&#8243; line_height=&#8221;0&#8243; font_weight=&#8221;400&#8243;]\nSandsprederskuffer beregnet for de litt st\u00f8rre hjullasterne og landbrukstraktorene. Finnes i fire st\u00f8rrelser, 2000, 2500, 3000 og 4000 liter.<br \/>\n[\/vc_column_text]<div class=\"vcex-spacing wpex-w-100 wpex-clear\" style=\"height:20px;\"><\/div>[\/vc_column][\/vc_row]\n<\/div>","protected":false},"excerpt":{"rendered":"<p>[vc_row full_width=&#8221;stretch_row_content_no_spaces&#8221;][vc_column][vc_single_image image=&#8221;5043&#8243; el_class=&#8221;full_width&#8221;][\/vc_column][\/vc_row][vc_row][vc_column][vc_column_text]Sandsprederskuffer beregnet for effektiv og sikker str\u00f8ing. V\u00e5re sandspredere er konstruert for jevn og effektiv utmating, og kan utstyres med trinnl\u00f8s regulering.[\/vc_column_text][\/vc_column][\/vc_row][vc_row equal_height=&#8221;yes&#8221;][vc_column width=&#8221;1\/2&#8243; offset=&#8221;vc_col-xs-6&#8243;][vc_column_text css=&#8221;.vc_custom_1602698067829{margin-top: 5px !important;}&#8221; font_size=&#8221;d:16px|pp:14px&#8221; font_weight=&#8221;600&#8243;] Sandsprederskuffer SS04C\u00a0\u2013\u00a0SS15C [\/vc_column_text][vc_column_text font_size=&#8221;d:14|tl:14|tp:14|pl:12|pp:12&#8243; line_height=&#8221;0&#8243; font_weight=&#8221;400&#8243;] Sandsprederskuffer for mindre hjullastere og landbrukstraktorer. Finnes i fire st\u00f8rrelser med 400, 600, 1000 eller 1500&hellip;<\/p>\n","protected":false},"author":3,"featured_media":0,"parent":0,"menu_order":0,"comment_status":"closed","ping_status":"closed","template":"","meta":{"footnotes":""},"class_list":["post-5525","page","type-page","status-publish","hentry","entry","no-media"],"yoast_head":"<!-- This site is optimized with the Yoast SEO plugin v23.8 - https:\/\/yoast.com\/wordpress\/plugins\/seo\/ -->\n<title>Drivex sandsprederskuffer - Drivex<\/title>\n<meta name=\"description\" content=\"Sandsprederskuffer tilpasset dagens krav til effektiv og sikker sliping. Vi har skuffer i forskjellige st\u00f8rrelser til hjullastere og g\u00e5rdstraktorer.\" \/>\n<meta name=\"robots\" content=\"index, follow, max-snippet:-1, max-image-preview:large, max-video-preview:-1\" \/>\n<link rel=\"canonical\" href=\"https:\/\/drivex.se\/no\/drivex-sandsprederskuffer\/\" \/>\n<meta property=\"og:locale\" content=\"nb_NO\" \/>\n<meta property=\"og:type\" content=\"article\" \/>\n<meta property=\"og:title\" content=\"Drivex sandsprederskuffer - Drivex\" \/>\n<meta property=\"og:description\" content=\"Sandsprederskuffer tilpasset dagens krav til effektiv og sikker sliping. Vi har skuffer i forskjellige st\u00f8rrelser til hjullastere og g\u00e5rdstraktorer.\" \/>\n<meta property=\"og:url\" content=\"https:\/\/drivex.se\/no\/drivex-sandsprederskuffer\/\" \/>\n<meta property=\"og:site_name\" content=\"Drivex\" \/>\n<meta property=\"article:publisher\" content=\"https:\/\/www.facebook.com\/Drivex-178188605541864\/\" \/>\n<meta property=\"article:modified_time\" content=\"2023-08-09T13:10:24+00:00\" \/>\n<meta name=\"twitter:card\" content=\"summary_large_image\" \/>\n<meta name=\"twitter:label1\" content=\"Ansl. lesetid\" \/>\n\t<meta name=\"twitter:data1\" content=\"1 minutt\" \/>\n<script type=\"application\/ld+json\" class=\"yoast-schema-graph\">{\"@context\":\"https:\/\/schema.org\",\"@graph\":[{\"@type\":\"WebPage\",\"@id\":\"https:\/\/drivex.se\/no\/drivex-sandsprederskuffer\/\",\"url\":\"https:\/\/drivex.se\/no\/drivex-sandsprederskuffer\/\",\"name\":\"Drivex sandsprederskuffer - Drivex\",\"isPartOf\":{\"@id\":\"https:\/\/drivex.se\/no\/#website\"},\"datePublished\":\"2020-10-15T20:55:43+00:00\",\"dateModified\":\"2023-08-09T13:10:24+00:00\",\"description\":\"Sandsprederskuffer tilpasset dagens krav til effektiv og sikker sliping. Vi har skuffer i forskjellige st\u00f8rrelser til hjullastere og g\u00e5rdstraktorer.\",\"breadcrumb\":{\"@id\":\"https:\/\/drivex.se\/no\/drivex-sandsprederskuffer\/#breadcrumb\"},\"inLanguage\":\"nb-NO\",\"potentialAction\":[{\"@type\":\"ReadAction\",\"target\":[\"https:\/\/drivex.se\/no\/drivex-sandsprederskuffer\/\"]}]},{\"@type\":\"BreadcrumbList\",\"@id\":\"https:\/\/drivex.se\/no\/drivex-sandsprederskuffer\/#breadcrumb\",\"itemListElement\":[{\"@type\":\"ListItem\",\"position\":1,\"name\":\"Hem\",\"item\":\"https:\/\/drivex.se\/no\/\"},{\"@type\":\"ListItem\",\"position\":2,\"name\":\"Drivex sandsprederskuffer\"}]},{\"@type\":\"WebSite\",\"@id\":\"https:\/\/drivex.se\/no\/#website\",\"url\":\"https:\/\/drivex.se\/no\/\",\"name\":\"Drivex\",\"description\":\"Redskap f\u00f6r hjullastare och traktor\",\"publisher\":{\"@id\":\"https:\/\/drivex.se\/no\/#organization\"},\"potentialAction\":[{\"@type\":\"SearchAction\",\"target\":{\"@type\":\"EntryPoint\",\"urlTemplate\":\"https:\/\/drivex.se\/no\/?s={search_term_string}\"},\"query-input\":{\"@type\":\"PropertyValueSpecification\",\"valueRequired\":true,\"valueName\":\"search_term_string\"}}],\"inLanguage\":\"nb-NO\"},{\"@type\":\"Organization\",\"@id\":\"https:\/\/drivex.se\/no\/#organization\",\"name\":\"Drivex AB\",\"url\":\"https:\/\/drivex.se\/no\/\",\"logo\":{\"@type\":\"ImageObject\",\"inLanguage\":\"nb-NO\",\"@id\":\"https:\/\/drivex.se\/no\/#\/schema\/logo\/image\/\",\"url\":\"https:\/\/drivex.se\/wp-content\/uploads\/2017\/12\/Drivex-CMYK.png\",\"contentUrl\":\"https:\/\/drivex.se\/wp-content\/uploads\/2017\/12\/Drivex-CMYK.png\",\"width\":140,\"height\":77,\"caption\":\"Drivex AB\"},\"image\":{\"@id\":\"https:\/\/drivex.se\/no\/#\/schema\/logo\/image\/\"},\"sameAs\":[\"https:\/\/www.facebook.com\/Drivex-178188605541864\/\"]}]}<\/script>\n<!-- \/ Yoast SEO plugin. -->","yoast_head_json":{"title":"Drivex sandsprederskuffer - Drivex","description":"Sandsprederskuffer tilpasset dagens krav til effektiv og sikker sliping. Vi har skuffer i forskjellige st\u00f8rrelser til hjullastere og g\u00e5rdstraktorer.","robots":{"index":"index","follow":"follow","max-snippet":"max-snippet:-1","max-image-preview":"max-image-preview:large","max-video-preview":"max-video-preview:-1"},"canonical":"https:\/\/drivex.se\/no\/drivex-sandsprederskuffer\/","og_locale":"nb_NO","og_type":"article","og_title":"Drivex sandsprederskuffer - Drivex","og_description":"Sandsprederskuffer tilpasset dagens krav til effektiv og sikker sliping. Vi har skuffer i forskjellige st\u00f8rrelser til hjullastere og g\u00e5rdstraktorer.","og_url":"https:\/\/drivex.se\/no\/drivex-sandsprederskuffer\/","og_site_name":"Drivex","article_publisher":"https:\/\/www.facebook.com\/Drivex-178188605541864\/","article_modified_time":"2023-08-09T13:10:24+00:00","twitter_card":"summary_large_image","twitter_misc":{"Ansl. lesetid":"1 minutt"},"schema":{"@context":"https:\/\/schema.org","@graph":[{"@type":"WebPage","@id":"https:\/\/drivex.se\/no\/drivex-sandsprederskuffer\/","url":"https:\/\/drivex.se\/no\/drivex-sandsprederskuffer\/","name":"Drivex sandsprederskuffer - Drivex","isPartOf":{"@id":"https:\/\/drivex.se\/no\/#website"},"datePublished":"2020-10-15T20:55:43+00:00","dateModified":"2023-08-09T13:10:24+00:00","description":"Sandsprederskuffer tilpasset dagens krav til effektiv og sikker sliping. Vi har skuffer i forskjellige st\u00f8rrelser til hjullastere og g\u00e5rdstraktorer.","breadcrumb":{"@id":"https:\/\/drivex.se\/no\/drivex-sandsprederskuffer\/#breadcrumb"},"inLanguage":"nb-NO","potentialAction":[{"@type":"ReadAction","target":["https:\/\/drivex.se\/no\/drivex-sandsprederskuffer\/"]}]},{"@type":"BreadcrumbList","@id":"https:\/\/drivex.se\/no\/drivex-sandsprederskuffer\/#breadcrumb","itemListElement":[{"@type":"ListItem","position":1,"name":"Hem","item":"https:\/\/drivex.se\/no\/"},{"@type":"ListItem","position":2,"name":"Drivex sandsprederskuffer"}]},{"@type":"WebSite","@id":"https:\/\/drivex.se\/no\/#website","url":"https:\/\/drivex.se\/no\/","name":"Drivex","description":"Redskap f\u00f6r hjullastare och traktor","publisher":{"@id":"https:\/\/drivex.se\/no\/#organization"},"potentialAction":[{"@type":"SearchAction","target":{"@type":"EntryPoint","urlTemplate":"https:\/\/drivex.se\/no\/?s={search_term_string}"},"query-input":{"@type":"PropertyValueSpecification","valueRequired":true,"valueName":"search_term_string"}}],"inLanguage":"nb-NO"},{"@type":"Organization","@id":"https:\/\/drivex.se\/no\/#organization","name":"Drivex AB","url":"https:\/\/drivex.se\/no\/","logo":{"@type":"ImageObject","inLanguage":"nb-NO","@id":"https:\/\/drivex.se\/no\/#\/schema\/logo\/image\/","url":"https:\/\/drivex.se\/wp-content\/uploads\/2017\/12\/Drivex-CMYK.png","contentUrl":"https:\/\/drivex.se\/wp-content\/uploads\/2017\/12\/Drivex-CMYK.png","width":140,"height":77,"caption":"Drivex AB"},"image":{"@id":"https:\/\/drivex.se\/no\/#\/schema\/logo\/image\/"},"sameAs":["https:\/\/www.facebook.com\/Drivex-178188605541864\/"]}]}},"_links":{"self":[{"href":"https:\/\/drivex.se\/no\/wp-json\/wp\/v2\/pages\/5525","targetHints":{"allow":["GET"]}}],"collection":[{"href":"https:\/\/drivex.se\/no\/wp-json\/wp\/v2\/pages"}],"about":[{"href":"https:\/\/drivex.se\/no\/wp-json\/wp\/v2\/types\/page"}],"author":[{"embeddable":true,"href":"https:\/\/drivex.se\/no\/wp-json\/wp\/v2\/users\/3"}],"replies":[{"embeddable":true,"href":"https:\/\/drivex.se\/no\/wp-json\/wp\/v2\/comments?post=5525"}],"version-history":[{"count":8,"href":"https:\/\/drivex.se\/no\/wp-json\/wp\/v2\/pages\/5525\/revisions"}],"predecessor-version":[{"id":5751,"href":"https:\/\/drivex.se\/no\/wp-json\/wp\/v2\/pages\/5525\/revisions\/5751"}],"wp:attachment":[{"href":"https:\/\/drivex.se\/no\/wp-json\/wp\/v2\/media?parent=5525"}],"curies":[{"name":"wp","href":"https:\/\/api.w.org\/{rel}","templated":true}]}}