{"id":5563,"date":"2018-06-28T13:24:49","date_gmt":"2018-06-28T11:24:49","guid":{"rendered":"https:\/\/drivex.se\/personvernpolicy\/"},"modified":"2023-05-05T14:54:26","modified_gmt":"2023-05-05T12:54:26","slug":"personvernpolicy","status":"publish","type":"page","link":"https:\/\/drivex.se\/no\/personvernpolicy\/","title":{"rendered":"Personvernpolicy"},"content":{"rendered":"<div class=\"wpb-content-wrapper\">[vc_row][vc_column]<div class=\"vcex-spacing wpex-w-100 wpex-clear\" style=\"height:60px;\"><\/div><style>.vcex-heading.vcex_69defb622efb1 .vcex-heading-inner{border-color:#1b4478;}.vcex-heading.vcex_69defb622efb1{color:#1b4478;font-family:Orgon;}<\/style><h1 class=\"vcex-heading vcex-heading-bottom-border-w-color vcex-module wpex-heading wpex-text-2xl wpex-border-b-2 wpex-border-solid wpex-border-main vcex_69defb622efb1\"><span class=\"vcex-heading-inner wpex-inline-block wpex-relative wpex-pb-5 wpex-border-b-2 wpex-border-solid wpex-border-accent\">PERSONVERNPOLICY<\/span><\/h1><div class=\"vcex-spacing wpex-w-100 wpex-clear\" style=\"height:40px;\"><\/div>[vc_column_text font_family=&#8221;Orgon&#8221;]Drivex AB (Drivex) tar ditt personvern p\u00e5 alvor, og vi gj\u00f8r alltid v\u00e5rt ytterste for \u00e5 beskytte dine personopplysninger og f\u00f8lge gjeldende lover og regler om personvern. Med denne personvernpolicyen \u00f8nsker vi \u00e5 informere deg om hvordan Drivex behandler dine personopplysninger. Policyen gjelder for alle opplysninger som innhentes i forbindelse med en foresp\u00f8rsel eller bestilling som du gj\u00f8r hos Drivex. Policyen gjelder ogs\u00e5 for opplysninger du oppgir i forbindelse med et tilbud eller en leveranse til oss.<\/p>\n<h2><b>Hvem er ansvarlig for dine personopplysninger?<\/b><\/h2>\n<p>Drivex AB (556491-4587), Box 117, SE-828 22 Edsbyn, Sverige er ansvarlig for behandlingen av dine personopplysninger. Du kan kontakte personvernombudet v\u00e5rt p\u00e5 telefon +46 271 588 00 eller per e-post til info@drivex.se.<\/p>\n<h2><b>Hvilke personopplysninger behandler vi?<\/b><\/h2>\n<p>Drivex behandler personopplysninger som du selv har valgt \u00e5 oppgi til oss, som vi innhenter fra nettstedet v\u00e5rt eller f\u00e5r fra en tredjepart innenfor rammene for v\u00e5rt forretningsnettverk. N\u00e5r du for eksempel retter en foresp\u00f8rsel til oss, kj\u00f8per et produkt eller s\u00f8ker jobb hos oss, legger du igjen opplysninger om deg selv. Det samme skjer n\u00e5r du registrerer deg p\u00e5 et av skjemaene v\u00e5re. Det kan ogs\u00e5 hende at du oppgir informasjon til Drivex av andre \u00e5rsaker. Opplysningene som du oppgir, kan v\u00e6re navn, bilde, IP-adresse, personnummer, kontakt- og adresseopplysninger, telefonnummer og s\u00e5 videre.<\/p>\n<h2><b>For hvilke form\u00e5l behandler vi dine opplysninger?<\/b><\/h2>\n<p>Vi behandler dine kontaktopplysninger for \u00e5 administrere foresp\u00f8rsler fra deg og eventuelle avtaler med deg, samt for \u00e5 informere og yte service i forbindelse med slike foresp\u00f8rsler og avtaler. Det kan for eksempel dreie seg om at du har vist interesse for v\u00e5re produkter og tjenester.<\/p>\n<p>Dine personopplysninger kan dessuten bli brukt til markedsf\u00f8ring, oppf\u00f8lging samt for v\u00e5r salgs- og produktutvikling med det form\u00e5l \u00e5 gj\u00f8re v\u00e5re produkter og tjenester bedre. Hvis du ikke \u00f8nsker \u00e5 motta markedsf\u00f8ring og\/eller tilbud, ber vi deg kontakte personvernansvarlig hos oss.<\/p>\n<h2><b>Juridisk grunnlag for behandlingen og lagringstid<\/b><\/h2>\n<p>Drivex behandler alltid dine personopplysninger i henhold til gjeldende lovverk. Vi behandler dine personopplysninger n\u00e5r det er n\u00f8dvendig for \u00e5 oppfylle en avtale med deg og n\u00e5r vi har en annen legitim og berettiget interesse i \u00e5 behandle opplysningene, for eksempel i forbindelse med en ansettelsesprosedyre eller i markedsf\u00f8ring av oss selv og v\u00e5e produkter. Hvis vi skulle behandle dine personopplysninger for andre form\u00e5l som krever ditt samtykke i henhold til gjeldende lov, vil vi innhente slikt samtykke f\u00f8r vi starter slik behandling.<\/p>\n<p>Opplysningene som vi innhenter i overensstemmelse med det som er angitt ovenfor, slettes n\u00e5r form\u00e5let med behandlingen er oppfylt.<\/p>\n<h2><b>Beskyttelse av personopplysninger<\/b><\/h2>\n<p>Drivex beskytter dine personopplysninger etter beste evne, og har i den forbindelse iverksatt hensiktsmessige tekniske og organisatoriske sikkerhetstiltak for \u00e5 beskytte personopplysningene mot uautorisert tilgang, endring, spredning eller tilintetgj\u00f8ring.<\/p>\n<h2><b>Begrensninger i utlevering av personopplysninger<\/b><\/h2>\n<p>Drivex kan hyre eksterne samarbeidspartnere til \u00e5 utf\u00f8re oppdrag p\u00e5 vegne av oss, for eksempel \u00e5 levere IT-tjenester eller hjelpe til med markedsf\u00f8ring eller annen administrasjon. Utf\u00f8relsen av disse tjenestene kan inneb\u00e6re at v\u00e5re samarbeidspartnere f\u00e5r tilgang til dine personopplysninger. Selskaper som h\u00e5ndterer personopplysninger p\u00e5 vegne av oss, m\u00e5 alltid signere avtaler med oss for at vi skal kunne s\u00f8rge for at dine personopplysninger er godt beskyttet hos disse selskapene.<\/p>\n<p>Drivex kan ogs\u00e5 komme til \u00e5 utlevere personopplysninger til tredjepart, for eksempel politi eller annen myndighet, hvis det gjelder etterforsking av en forbrytelse eller vi ellers plikter \u00e5 utlevere slike opplysninger i henhold til lov eller myndighetsbeslutning.<\/p>\n<p>Drivex vil ikke utlevere dine personopplysninger i annen utstrekning enn det som er beskrevet i dette avsnittet.<\/p>\n<h2><b>Dine rettigheter og rett til \u00e5 klage<\/b><\/h2>\n<p>I overensstemmelse med gjeldende personopplysningslov har du n\u00e5r som helst rett til \u00e5 be om tilgang til personopplysningene om deg som blir behandlet, f\u00e5 feilaktige personopplysninger korrigert, be Drivex om \u00e5 slutte \u00e5 behandle samt slette dine personopplysninger, be om begrensninger i dine personopplysninger, ut\u00f8ve din rett til dataportabilitet, trekke tilbake et samtykke til en viss behandling (der samtykke er blitt innhentet) samt gj\u00f8re innsigelser mot behandlingen av personopplysningene. I slike tilfeller ber vi deg kontakte Drivex via kontaktopplysningene til personopplysningsansvarlig.<\/p>\n<h2><b>Hvis du \u00f8nsker \u00e5 endre v\u00e5r h\u00e5ndtering av dine opplysninger<\/b><\/h2>\n<p>\u00d8nsker du \u00e5 endre v\u00e5r h\u00e5ndtering av dine opplysninger og m\u00e5ten vi holder kontakt med deg p\u00e5, ber vi deg kontakte v\u00e5rt personvernombud p\u00e5 info@drivex.se og beskrive din sak og hvilke opplysninger du \u00f8nsker \u00e5 endre, for eksempel \u00e5 bli fjernet fra forretningsregistre og s\u00e5 videre. V\u00e6r oppmerksom p\u00e5 at slik fjerning kan medf\u00f8re at du g\u00e5r glipp av verdifull informasjon som blant annet garantier eller andre avtalefestede tjenester, siden vi da mister all sporbarhet til deg.[\/vc_column_text]<div class=\"vcex-spacing wpex-w-100 wpex-clear\" style=\"height:40px;\"><\/div><style>.vcex-heading.vcex_69defb62309dd .vcex-heading-inner{border-color:#1b4478;}.vcex-heading.vcex_69defb62309dd{color:#1b4478;font-family:Orgon;}<\/style><h2 class=\"vcex-heading vcex-heading-bottom-border-w-color vcex-module wpex-heading wpex-text-2xl wpex-border-b-2 wpex-border-solid wpex-border-main vcex_69defb62309dd\"><span class=\"vcex-heading-inner wpex-inline-block wpex-relative wpex-pb-5 wpex-border-b-2 wpex-border-solid wpex-border-accent\">COOKIES<\/span><\/h2>[vc_column_text]\n<h2><b>Cookies<\/b><\/h2>\n<p>En cookie er en liten tekstfil som et nettsted ber om \u00e5 f\u00e5 lagre p\u00e5 den bes\u00f8kendes datamaskin. De brukes for at den bes\u00f8kende skal kunne bruke ulike funksjoner p\u00e5 nettstedet. Men ogs\u00e5 for \u00e5 kunne spore hvordan bes\u00f8kende surfer p\u00e5 nettsteder med samme cookie. Det finnes to typer cookies \u2013 en type med utl\u00f8spdato og en midlertidig type som forsvinner n\u00e5r nettleseren lukkes.<\/p>\n<h2><b>Hvorfor cookies?<\/b><\/h2>\n<p>Form\u00e5let med cookies p\u00e5 nettsteder er \u00e5 l\u00e6re mer om de bes\u00f8kende og hvordan innhold og tjenester blir brukt, slik at nettstedet kan utvikles og bli bedre. De brukes ogs\u00e5 for \u00e5 lagre innstillinger for hvordan et nettsted skal vises.<\/p>\n<h2><b>Tredjepartscookies<\/b><\/h2>\n<p>Vi benytter tredjepartsfunksjoner (f.eks. YouTube) og delingstjenester p\u00e5 sosiale medier (f.eks. Facebook). Disse bruker sine egne cookies, som blir lagret. Mer informasjon om hvordan tredjeparter bruker cookies og hvilke vilk\u00e5r som gjelder, finner du ved \u00e5 g\u00e5 inn p\u00e5 disse nettstedene.<\/p>\n<h2><b>Hvordan bruker Drivex cookies?<\/b><\/h2>\n<p>Vi bruker cookies som skal gj\u00f8re tjenestene som vi tilbyr deg, bedre. Noen av tjenestene v\u00e5re krever cookies for \u00e5 fungere, mens andre har til form\u00e5l \u00e5 gj\u00f8re tjenestene enklere for deg. Alt for at du skal f\u00e5 en bedre opplevelse p\u00e5 nettstedet v\u00e5rt.<\/p>\n<h2><b>Hva hvis jeg ikke \u00f8nsker \u00e5 bruke cookies?<\/b><\/h2>\n<p>Du kan naturligvis velge \u00e5 deaktivere cookies, men da kan noen tjenester slutte \u00e5 fungere, og nettstedet vil ikke kunne lagre dine innstillinger.<\/p>\n[\/vc_column_text]<div class=\"vcex-spacing wpex-w-100 wpex-clear\" style=\"height:40px;\"><\/div>[\/vc_column][\/vc_row]\n<\/div>","protected":false},"excerpt":{"rendered":"<p>[vc_row][vc_column][vc_column_text font_family=&#8221;Orgon&#8221;]Drivex AB (Drivex) tar ditt personvern p\u00e5 alvor, og vi gj\u00f8r alltid v\u00e5rt ytterste for \u00e5 beskytte dine personopplysninger og f\u00f8lge gjeldende lover og regler om personvern. Med denne personvernpolicyen \u00f8nsker vi \u00e5 informere deg om hvordan Drivex behandler dine personopplysninger. Policyen gjelder for alle opplysninger som innhentes i forbindelse med en foresp\u00f8rsel eller&hellip;<\/p>\n","protected":false},"author":3,"featured_media":0,"parent":0,"menu_order":0,"comment_status":"closed","ping_status":"closed","template":"","meta":{"footnotes":""},"class_list":["post-5563","page","type-page","status-publish","hentry","entry","no-media"],"yoast_head":"<!-- This site is optimized with the Yoast SEO plugin v23.8 - https:\/\/yoast.com\/wordpress\/plugins\/seo\/ -->\n<title>Personvernpolicy - Drivex<\/title>\n<meta name=\"description\" content=\"Drivex AB (Drivex) tar ditt personvern p\u00e5 alvor, og vi gj\u00f8r alltid v\u00e5rt ytterste for \u00e5 beskytte dine personopplysninger\" \/>\n<meta name=\"robots\" content=\"index, follow, max-snippet:-1, max-image-preview:large, max-video-preview:-1\" \/>\n<link rel=\"canonical\" href=\"https:\/\/drivex.se\/no\/personvernpolicy\/\" \/>\n<meta property=\"og:locale\" content=\"nb_NO\" \/>\n<meta property=\"og:type\" content=\"article\" \/>\n<meta property=\"og:title\" content=\"Personvernpolicy - Drivex\" \/>\n<meta property=\"og:description\" content=\"Drivex AB (Drivex) tar ditt personvern p\u00e5 alvor, og vi gj\u00f8r alltid v\u00e5rt ytterste for \u00e5 beskytte dine personopplysninger\" \/>\n<meta property=\"og:url\" content=\"https:\/\/drivex.se\/no\/personvernpolicy\/\" \/>\n<meta property=\"og:site_name\" content=\"Drivex\" \/>\n<meta property=\"article:publisher\" content=\"https:\/\/www.facebook.com\/Drivex-178188605541864\/\" \/>\n<meta property=\"article:modified_time\" content=\"2023-05-05T12:54:26+00:00\" \/>\n<meta name=\"twitter:card\" content=\"summary_large_image\" \/>\n<meta name=\"twitter:label1\" content=\"Ansl. lesetid\" \/>\n\t<meta name=\"twitter:data1\" content=\"5 minutter\" \/>\n<script type=\"application\/ld+json\" class=\"yoast-schema-graph\">{\"@context\":\"https:\/\/schema.org\",\"@graph\":[{\"@type\":\"WebPage\",\"@id\":\"https:\/\/drivex.se\/no\/personvernpolicy\/\",\"url\":\"https:\/\/drivex.se\/no\/personvernpolicy\/\",\"name\":\"Personvernpolicy - Drivex\",\"isPartOf\":{\"@id\":\"https:\/\/drivex.se\/no\/#website\"},\"datePublished\":\"2018-06-28T11:24:49+00:00\",\"dateModified\":\"2023-05-05T12:54:26+00:00\",\"description\":\"Drivex AB (Drivex) tar ditt personvern p\u00e5 alvor, og vi gj\u00f8r alltid v\u00e5rt ytterste for \u00e5 beskytte dine personopplysninger\",\"breadcrumb\":{\"@id\":\"https:\/\/drivex.se\/no\/personvernpolicy\/#breadcrumb\"},\"inLanguage\":\"nb-NO\",\"potentialAction\":[{\"@type\":\"ReadAction\",\"target\":[\"https:\/\/drivex.se\/no\/personvernpolicy\/\"]}]},{\"@type\":\"BreadcrumbList\",\"@id\":\"https:\/\/drivex.se\/no\/personvernpolicy\/#breadcrumb\",\"itemListElement\":[{\"@type\":\"ListItem\",\"position\":1,\"name\":\"Hem\",\"item\":\"https:\/\/drivex.se\/no\/\"},{\"@type\":\"ListItem\",\"position\":2,\"name\":\"Personvernpolicy\"}]},{\"@type\":\"WebSite\",\"@id\":\"https:\/\/drivex.se\/no\/#website\",\"url\":\"https:\/\/drivex.se\/no\/\",\"name\":\"Drivex\",\"description\":\"Redskap f\u00f6r hjullastare och traktor\",\"publisher\":{\"@id\":\"https:\/\/drivex.se\/no\/#organization\"},\"potentialAction\":[{\"@type\":\"SearchAction\",\"target\":{\"@type\":\"EntryPoint\",\"urlTemplate\":\"https:\/\/drivex.se\/no\/?s={search_term_string}\"},\"query-input\":{\"@type\":\"PropertyValueSpecification\",\"valueRequired\":true,\"valueName\":\"search_term_string\"}}],\"inLanguage\":\"nb-NO\"},{\"@type\":\"Organization\",\"@id\":\"https:\/\/drivex.se\/no\/#organization\",\"name\":\"Drivex AB\",\"url\":\"https:\/\/drivex.se\/no\/\",\"logo\":{\"@type\":\"ImageObject\",\"inLanguage\":\"nb-NO\",\"@id\":\"https:\/\/drivex.se\/no\/#\/schema\/logo\/image\/\",\"url\":\"https:\/\/drivex.se\/wp-content\/uploads\/2017\/12\/Drivex-CMYK.png\",\"contentUrl\":\"https:\/\/drivex.se\/wp-content\/uploads\/2017\/12\/Drivex-CMYK.png\",\"width\":140,\"height\":77,\"caption\":\"Drivex AB\"},\"image\":{\"@id\":\"https:\/\/drivex.se\/no\/#\/schema\/logo\/image\/\"},\"sameAs\":[\"https:\/\/www.facebook.com\/Drivex-178188605541864\/\"]}]}<\/script>\n<!-- \/ Yoast SEO plugin. -->","yoast_head_json":{"title":"Personvernpolicy - Drivex","description":"Drivex AB (Drivex) tar ditt personvern p\u00e5 alvor, og vi gj\u00f8r alltid v\u00e5rt ytterste for \u00e5 beskytte dine personopplysninger","robots":{"index":"index","follow":"follow","max-snippet":"max-snippet:-1","max-image-preview":"max-image-preview:large","max-video-preview":"max-video-preview:-1"},"canonical":"https:\/\/drivex.se\/no\/personvernpolicy\/","og_locale":"nb_NO","og_type":"article","og_title":"Personvernpolicy - Drivex","og_description":"Drivex AB (Drivex) tar ditt personvern p\u00e5 alvor, og vi gj\u00f8r alltid v\u00e5rt ytterste for \u00e5 beskytte dine personopplysninger","og_url":"https:\/\/drivex.se\/no\/personvernpolicy\/","og_site_name":"Drivex","article_publisher":"https:\/\/www.facebook.com\/Drivex-178188605541864\/","article_modified_time":"2023-05-05T12:54:26+00:00","twitter_card":"summary_large_image","twitter_misc":{"Ansl. lesetid":"5 minutter"},"schema":{"@context":"https:\/\/schema.org","@graph":[{"@type":"WebPage","@id":"https:\/\/drivex.se\/no\/personvernpolicy\/","url":"https:\/\/drivex.se\/no\/personvernpolicy\/","name":"Personvernpolicy - Drivex","isPartOf":{"@id":"https:\/\/drivex.se\/no\/#website"},"datePublished":"2018-06-28T11:24:49+00:00","dateModified":"2023-05-05T12:54:26+00:00","description":"Drivex AB (Drivex) tar ditt personvern p\u00e5 alvor, og vi gj\u00f8r alltid v\u00e5rt ytterste for \u00e5 beskytte dine personopplysninger","breadcrumb":{"@id":"https:\/\/drivex.se\/no\/personvernpolicy\/#breadcrumb"},"inLanguage":"nb-NO","potentialAction":[{"@type":"ReadAction","target":["https:\/\/drivex.se\/no\/personvernpolicy\/"]}]},{"@type":"BreadcrumbList","@id":"https:\/\/drivex.se\/no\/personvernpolicy\/#breadcrumb","itemListElement":[{"@type":"ListItem","position":1,"name":"Hem","item":"https:\/\/drivex.se\/no\/"},{"@type":"ListItem","position":2,"name":"Personvernpolicy"}]},{"@type":"WebSite","@id":"https:\/\/drivex.se\/no\/#website","url":"https:\/\/drivex.se\/no\/","name":"Drivex","description":"Redskap f\u00f6r hjullastare och traktor","publisher":{"@id":"https:\/\/drivex.se\/no\/#organization"},"potentialAction":[{"@type":"SearchAction","target":{"@type":"EntryPoint","urlTemplate":"https:\/\/drivex.se\/no\/?s={search_term_string}"},"query-input":{"@type":"PropertyValueSpecification","valueRequired":true,"valueName":"search_term_string"}}],"inLanguage":"nb-NO"},{"@type":"Organization","@id":"https:\/\/drivex.se\/no\/#organization","name":"Drivex AB","url":"https:\/\/drivex.se\/no\/","logo":{"@type":"ImageObject","inLanguage":"nb-NO","@id":"https:\/\/drivex.se\/no\/#\/schema\/logo\/image\/","url":"https:\/\/drivex.se\/wp-content\/uploads\/2017\/12\/Drivex-CMYK.png","contentUrl":"https:\/\/drivex.se\/wp-content\/uploads\/2017\/12\/Drivex-CMYK.png","width":140,"height":77,"caption":"Drivex AB"},"image":{"@id":"https:\/\/drivex.se\/no\/#\/schema\/logo\/image\/"},"sameAs":["https:\/\/www.facebook.com\/Drivex-178188605541864\/"]}]}},"_links":{"self":[{"href":"https:\/\/drivex.se\/no\/wp-json\/wp\/v2\/pages\/5563","targetHints":{"allow":["GET"]}}],"collection":[{"href":"https:\/\/drivex.se\/no\/wp-json\/wp\/v2\/pages"}],"about":[{"href":"https:\/\/drivex.se\/no\/wp-json\/wp\/v2\/types\/page"}],"author":[{"embeddable":true,"href":"https:\/\/drivex.se\/no\/wp-json\/wp\/v2\/users\/3"}],"replies":[{"embeddable":true,"href":"https:\/\/drivex.se\/no\/wp-json\/wp\/v2\/comments?post=5563"}],"version-history":[{"count":2,"href":"https:\/\/drivex.se\/no\/wp-json\/wp\/v2\/pages\/5563\/revisions"}],"predecessor-version":[{"id":5565,"href":"https:\/\/drivex.se\/no\/wp-json\/wp\/v2\/pages\/5563\/revisions\/5565"}],"wp:attachment":[{"href":"https:\/\/drivex.se\/no\/wp-json\/wp\/v2\/media?parent=5563"}],"curies":[{"name":"wp","href":"https:\/\/api.w.org\/{rel}","templated":true}]}}