{"id":5581,"date":"2018-05-30T13:33:23","date_gmt":"2018-05-30T11:33:23","guid":{"rendered":"https:\/\/drivex.se\/kontakt\/"},"modified":"2026-04-01T09:43:33","modified_gmt":"2026-04-01T07:43:33","slug":"kontakt","status":"publish","type":"page","link":"https:\/\/drivex.se\/no\/kontakt\/","title":{"rendered":"Kontakt"},"content":{"rendered":"<div class=\"wpb-content-wrapper\">[vc_row disable_element=&#8221;yes&#8221;][vc_column]<div class=\"vcex-spacing wpex-w-100 wpex-clear\" style=\"height:40px;\"><\/div>[\/vc_column][\/vc_row][vc_row disable_element=&#8221;yes&#8221;][vc_column]<style>.vcex-heading.vcex_69f158241304c .vcex-heading-inner{border-color:#1b4478;}.vcex-heading.vcex_69f158241304c{font-family:Orgon;}<\/style><h1 class=\"vcex-heading vcex-heading-bottom-border-w-color vcex-module wpex-heading wpex-text-2xl vc_custom_1530265073871 wpex-border-b-2 wpex-border-solid wpex-border-main vcex_69f158241304c\"><span class=\"vcex-heading-inner wpex-inline-block wpex-relative wpex-pb-5 wpex-border-b-2 wpex-border-solid wpex-border-accent\">KONTAKT<\/span><\/h1><div class=\"vcex-spacing wpex-w-100 wpex-clear\" style=\"height:8px;\"><\/div>[vc_cta h2=&#8221;&#8221;]\n<h2 style=\"text-align: left;\">Vi i Drivex er alltid n\u00e6r kundene v\u00e5re, og hjelper deg s\u00e5 godt vi kan.<br \/>\n<strong>Kontakt selgerne v\u00e5re for \u00e5 f\u00e5 opplysninger om din n\u00e6rmeste forhandler.<\/strong><\/h2>\n<p>&nbsp;<\/p>\n<h2 style=\"text-align: left;\"><strong>Du kan ogs\u00e5 ringe v\u00e5rt sentralbord <a href=\"tel:027158800\">0271-588 00<\/a><\/strong> og stille sp\u00f8rsm\u00e5l om sortimentet som du er ute etter, eller sende e-post til <strong><a href=\"mailto:info@drivex.se\">info@drivex.se<\/a><\/strong> s\u00e5 tar vi kontakt s\u00e5 snart som mulig.<\/h2>\n[\/vc_cta]<div class=\"vcex-spacing wpex-w-100 wpex-clear\"><\/div>[\/vc_column][\/vc_row][vc_row disable_element=&#8221;yes&#8221; tablet_fullwidth_cols=&#8221;yes&#8221;][vc_column width=&#8221;1\/2&#8243;][vc_row_inner][vc_column_inner width=&#8221;5\/12&#8243; offset=&#8221;vc_col-xs-4&#8243;][vc_single_image image=&#8221;5123&#8243; css=&#8221;.vc_custom_1600816497516{margin-right: 0px !important;margin-left: 0px !important;padding-right: 0px !important;padding-left: 0px !important;}&#8221;][\/vc_column_inner][vc_column_inner width=&#8221;7\/12&#8243; offset=&#8221;vc_col-xs-8&#8243; css=&#8221;.vc_custom_1600816633991{margin-left: 0px !important;padding-left: 0px !important;}&#8221;][vc_column_text responsive_text=&#8221;true&#8221;]\n<h2>Clara Einarsson<br \/>\nSelger<\/h2>\n<p>Redskap\/Reservedeler<\/p>\n<p>Telefon:<a href=\"tel:027158803\">\u00a00271-588 03<\/a><br \/>\nE-post: <a href=\"mailto:clara.einarsson@drivex.se\">clara.einarsson@drivex.se<\/a>[\/vc_column_text][\/vc_column_inner][\/vc_row_inner]<div class=\"vcex-spacing wpex-w-100 wpex-clear\" style=\"height:40px;\"><\/div>[\/vc_column][vc_column width=&#8221;1\/2&#8243;][vc_row_inner][vc_column_inner width=&#8221;5\/12&#8243; offset=&#8221;vc_col-xs-4&#8243;][vc_single_image image=&#8221;5122&#8243; css=&#8221;.vc_custom_1600816513985{margin-right: 0px !important;margin-left: 0px !important;padding-right: 0px !important;padding-left: 0px !important;}&#8221;][\/vc_column_inner][vc_column_inner width=&#8221;7\/12&#8243; offset=&#8221;vc_col-xs-8&#8243; css=&#8221;.vc_custom_1600816625561{margin-left: 0px !important;padding-left: 0px !important;}&#8221;][vc_column_text]\n<h2>Claes \u00c5kerman<br \/>\nSelger<\/h2>\n<p>Redskap<\/p>\n<p>Telefon: <a href=\"tel:027158804\">0271-588 04<\/a><br \/>\nE-post: <a href=\"mailto:claes.akerman@drivex.se\">claes.akerman@drivex.se<\/a>[\/vc_column_text][\/vc_column_inner][\/vc_row_inner]<div class=\"vcex-spacing wpex-w-100 wpex-clear\" style=\"height:40px;\"><\/div>[\/vc_column][\/vc_row][vc_row disable_element=&#8221;yes&#8221;][vc_column width=&#8221;1\/2&#8243;][vc_row_inner][vc_column_inner width=&#8221;5\/12&#8243; offset=&#8221;vc_col-xs-4&#8243;][vc_single_image image=&#8221;5119&#8243; css=&#8221;.vc_custom_1600816507027{margin-right: 0px !important;margin-left: 0px !important;padding-right: 0px !important;padding-left: 0px !important;}&#8221;][\/vc_column_inner][vc_column_inner width=&#8221;7\/12&#8243; css=&#8221;.vc_custom_1600816618096{margin-left: 0px !important;padding-left: 0px !important;}&#8221; offset=&#8221;vc_col-xs-8&#8243;][vc_column_text css=&#8221;.vc_custom_1663923479318{margin-left: 0px !important;padding-left: 0px !important;}&#8221;]\n<h2>Micael M\u00e5rtensson<br \/>\nSelger<\/h2>\n<p>Redskap\/Reservedeler<\/p>\n<p>Telefon: <a href=\"tel:027158801\">0271-588 01<\/a><br \/>\nE-post: <a href=\"mailto:micael.martensson@drivex.se\">micael.martensson@drivex.se<\/a>[\/vc_column_text][\/vc_column_inner][\/vc_row_inner]<div class=\"vcex-spacing wpex-w-100 wpex-clear\" style=\"height:40px;\"><\/div>[\/vc_column][vc_column width=&#8221;1\/2&#8243;][vc_row_inner][vc_column_inner width=&#8221;5\/12&#8243; offset=&#8221;vc_col-xs-4&#8243;][vc_single_image image=&#8221;5118&#8243; css=&#8221;.vc_custom_1600816463708{margin-right: 0px !important;margin-left: 0px !important;padding-right: 0px !important;padding-left: 0px !important;}&#8221;][\/vc_column_inner][vc_column_inner width=&#8221;7\/12&#8243;][vc_column_text el_class=&#8221;no_top_margin&#8221;]\n<h2>Lars Lindgren<br \/>\nVD\/Adm.dir.\/Markedsansvarlig<\/h2>\n<p>Telefon: <a href=\"tel:027158811\">0271-588 11<\/a><strong><br \/>\n<\/strong>E-post: <a href=\"mailto:lars.lindgren@drivex.se\">lars.lindgren@drivex.se<\/a>[\/vc_column_text][\/vc_column_inner][\/vc_row_inner]<div class=\"vcex-spacing wpex-w-100 wpex-clear\" style=\"height:40px;\"><\/div>[\/vc_column][\/vc_row][vc_row disable_element=&#8221;yes&#8221;][vc_column][vc_separator]<div class=\"vcex-spacing wpex-w-100 wpex-clear\"><\/div>[\/vc_column][\/vc_row][vc_row disable_element=&#8221;yes&#8221;][vc_column width=&#8221;1\/2&#8243;][vc_row_inner][vc_column_inner width=&#8221;5\/12&#8243; offset=&#8221;vc_col-xs-4&#8243;][vc_single_image image=&#8221;5121&#8243;][\/vc_column_inner][vc_column_inner width=&#8221;7\/12&#8243; offset=&#8221;vc_col-xs-8&#8243; css=&#8221;.vc_custom_1600816781578{margin-left: 0px !important;padding-left: 0px !important;}&#8221;][vc_column_text]\n<h2>Tomas Gunnarsson<br \/>\nProduksjon\/Reklamasjoner<\/h2>\n<p>Telefon: <a href=\"tel:027158813\">0271-588 13<\/a><br \/>\nE-post: <a href=\"mailto:tomas.gunnarsson@drivex.se\">tomas.gunnarsson@drivex.se<\/a>[\/vc_column_text][\/vc_column_inner][\/vc_row_inner]<div class=\"vcex-spacing wpex-w-100 wpex-clear\" style=\"height:40px;\"><\/div>[\/vc_column][vc_column width=&#8221;1\/2&#8243;][vc_row_inner][vc_column_inner width=&#8221;5\/12&#8243; offset=&#8221;vc_col-xs-4&#8243;][\/vc_column_inner][vc_column_inner width=&#8221;7\/12&#8243; offset=&#8221;vc_col-xs-8&#8243; css=&#8221;.vc_custom_1600816611897{margin-left: 0px !important;padding-left: 0px !important;}&#8221;][vc_column_text]\n<h2>Henrik Karlstr\u00f6m<br \/>\nInnkj\u00f8per<\/h2>\n<p>Telefon: <a href=\"tel:027158809\">0271-588 09<\/a><br \/>\nE-post: <a href=\"mailto:henrik.karlstrom@drivex.se\">henrik.karlstrom@drivex.se<\/a>[\/vc_column_text][\/vc_column_inner][\/vc_row_inner]<div class=\"vcex-spacing wpex-w-100 wpex-clear\" style=\"height:40px;\"><\/div>[\/vc_column][\/vc_row][vc_row disable_element=&#8221;yes&#8221;][vc_column width=&#8221;1\/2&#8243;][vc_row_inner][vc_column_inner width=&#8221;5\/12&#8243; offset=&#8221;vc_col-xs-4&#8243;][vc_single_image image=&#8221;5120&#8243;][\/vc_column_inner][vc_column_inner width=&#8221;7\/12&#8243; css=&#8221;.vc_custom_1600816589889{margin-left: 0px !important;padding-left: 0px !important;}&#8221; offset=&#8221;vc_col-xs-8&#8243;][vc_column_text]\n<h2>Robert Eriksson<br \/>\nProduktutvikling\/Konstruksjon<br \/>\nSupport<\/h2>\n<p>Telefon: <a href=\"tel:027158806\">0271-588 06<\/a><br \/>\nE-post: <a href=\"mailto:robert.eriksson@drivex.se\">robert.eriksson@drivex.se<\/a>[\/vc_column_text][\/vc_column_inner][\/vc_row_inner]<div class=\"vcex-spacing wpex-w-100 wpex-clear\" style=\"height:40px;\"><\/div>[\/vc_column][vc_column width=&#8221;1\/2&#8243;]<div class=\"vcex-spacing wpex-w-100 wpex-clear\" style=\"height:40px;\"><\/div>[\/vc_column][\/vc_row][vc_row disable_element=&#8221;yes&#8221;][vc_column][vc_separator]<div class=\"vcex-spacing wpex-w-100 wpex-clear\" style=\"height:20px;\"><\/div>[\/vc_column][\/vc_row][vc_row disable_element=&#8221;yes&#8221;][vc_column width=&#8221;1\/2&#8243;][vc_column_text]\n<h2>P\u00e4r Andersson<br \/>\nProduksjon<\/h2>\n<p>Telefon:<a href=\"tel:027158802\">\u00a00271-588 02<\/a><br \/>\nE-post: <a href=\"mailto:par.andersson@drivex.se\">par.andersson@drivex.se<\/a>[\/vc_column_text]<div class=\"vcex-spacing wpex-w-100 wpex-clear\" style=\"height:20px;\"><\/div>[vc_column_text]\n<h2>Christina M\u00e5rtens<br \/>\nPlanlegger<\/h2>\n<p>Telefon:<a href=\"tel:027158812\">\u00a00271-588 12<\/a><br \/>\nE-post: <a href=\"mailto:christina.martens@drivex.se\">christina.martens@drivex.se<\/a>[\/vc_column_text]<div class=\"vcex-spacing wpex-w-100 wpex-clear\" style=\"height:20px;\"><\/div>[vc_column_text]\n<h2>H\u00e5kan Lennartsson<br \/>\nKvalitet og milj\u00f8<\/h2>\n<p>Telefon: <a href=\"tel:027158805\">0271-588 05<\/a><br \/>\nE-post: <a href=\"mailto:hakan.lennartsson@drivex.se\">hakan.lennartsson@drivex.se<\/a>[\/vc_column_text]<div class=\"vcex-spacing wpex-w-100 wpex-clear\" style=\"height:20px;\"><\/div>[vc_separator]<div class=\"vcex-spacing wpex-w-100 wpex-clear\" style=\"height:20px;\"><\/div>[\/vc_column][vc_column width=&#8221;1\/2&#8243;][vc_column_text]\n<h2>In- &amp; utleveranse<\/h2>\n<p>Telefon:<a href=\"tel:027158823\">\u00a00271-588 23<\/a>[\/vc_column_text]<div class=\"vcex-spacing wpex-w-100 wpex-clear\" style=\"height:20px;\"><\/div>[vc_separator]<div class=\"vcex-spacing wpex-w-100 wpex-clear\" style=\"height:20px;\"><\/div>[vc_column_text]\n<h2>\u00f8konomi\/bytte<\/h2>\n<p>Telefon:<a href=\"tel:027158800\"> 0271-588 00<\/a>[\/vc_column_text]<div class=\"vcex-spacing wpex-w-100 wpex-clear\" style=\"height:20px;\"><\/div>[vc_separator]<div class=\"vcex-spacing wpex-w-100 wpex-clear\" style=\"height:40px;\"><\/div>[vc_column_text]<a href=\"https:\/\/report.whistleb.com\/sv\/karnell\">&gt; Whistleblowing<\/a>[\/vc_column_text][\/vc_column][\/vc_row][vc_row][vc_column]<div class=\"vcex-spacing wpex-w-100 wpex-clear\" style=\"height:40px;\"><\/div>[\/vc_column][\/vc_row][vc_row][vc_column]<style>.vcex-heading.vcex_69f15824157dd .vcex-heading-inner{border-color:#1b4478;}.vcex-heading.vcex_69f15824157dd{font-family:Orgon;}<\/style><h1 class=\"vcex-heading vcex-heading-bottom-border-w-color vcex-module wpex-heading wpex-text-2xl vc_custom_1672924473508 wpex-border-b-2 wpex-border-solid wpex-border-main vcex_69f15824157dd\"><span class=\"vcex-heading-inner wpex-inline-block wpex-relative wpex-pb-5 wpex-border-b-2 wpex-border-solid wpex-border-accent\">DRIVEX AS<\/span><\/h1>[\/vc_column][\/vc_row][vc_row][vc_column width=&#8221;1\/4&#8243;]\t<style>.vcex_69f1582416174{height:30px;}@media (max-width:479px){.vcex_69f1582416174{height:20px;}}<\/style>\n<div class=\"vcex-spacing wpex-w-100 wpex-clear vcex_69f1582416174\"><\/div>[vc_column_text css=&#8221;&#8221;]Nyg\u00e5rdsveien 55 b<br \/>\n1423 Ski<\/p>\n<p>E-post: <a href=\"mailto:info@drivex.no\">info@drivex.no<\/a><\/p>\n<p>Facebook: <a href=\"https:\/\/sv-se.facebook.com\/drivexnorge\/\">Drivex Norge<\/a>[\/vc_column_text]<div class=\"vcex-spacing wpex-w-100 wpex-clear\" style=\"height:20px;\"><\/div>[\/vc_column][vc_column width=&#8221;2\/4&#8243;][vc_row_inner][vc_column_inner width=&#8221;5\/12&#8243; offset=&#8221;vc_col-xs-4&#8243;][vc_single_image image=&#8221;6254&#8243; css=&#8221;&#8221;][\/vc_column_inner][vc_column_inner width=&#8221;7\/12&#8243; offset=&#8221;vc_col-xs-8&#8243; css=&#8221;.vc_custom_1600816781578{margin-left: 0px !important;padding-left: 0px !important;}&#8221;][vc_column_text css=&#8221;&#8221;]\n<h2>Sven Unneberg<br \/>\nSalgssjef<\/h2>\n<p>Telefon: +47 41 20 45 95<br \/>\nE-post: <a href=\"mailto:sven.unneberg@drivex.no\">sven.unneberg@drivex.no<\/a>[\/vc_column_text][\/vc_column_inner][\/vc_row_inner][\/vc_column][vc_column width=&#8221;1\/4&#8243;][vc_column_text css=&#8221;.vc_custom_1775029293758{margin-right: -20px !important;}&#8221;]\n<h2>Per Emil Nilsson<br \/>\nSelger<\/h2>\n<p>Redskap\/Reservdeler<\/p>\n<p>Telefon: +47 90 51 26 90<br \/>\nE-post: <a href=\"mailto:per-emil.nilsson@drivex.no\">per-emil.nilsson@drivex.no<\/a>[\/vc_column_text]<div class=\"vcex-spacing wpex-w-100 wpex-clear\" style=\"height:40px;\"><\/div>[\/vc_column][\/vc_row][vc_row][vc_column]<div class=\"vcex-spacing wpex-w-100 wpex-clear\" style=\"height:200px;\"><\/div>[\/vc_column][\/vc_row]\n<\/div>","protected":false},"excerpt":{"rendered":"<p>[vc_row disable_element=&#8221;yes&#8221;][vc_column][\/vc_column][\/vc_row][vc_row disable_element=&#8221;yes&#8221;][vc_column][vc_cta h2=&#8221;&#8221;] Vi i Drivex er alltid n\u00e6r kundene v\u00e5re, og hjelper deg s\u00e5 godt vi kan. Kontakt selgerne v\u00e5re for \u00e5 f\u00e5 opplysninger om din n\u00e6rmeste forhandler. &nbsp; Du kan ogs\u00e5 ringe v\u00e5rt sentralbord 0271-588 00 og stille sp\u00f8rsm\u00e5l om sortimentet som du er ute etter, eller sende e-post til info@drivex.se s\u00e5&hellip;<\/p>\n","protected":false},"author":3,"featured_media":0,"parent":0,"menu_order":0,"comment_status":"closed","ping_status":"closed","template":"","meta":{"footnotes":""},"class_list":["post-5581","page","type-page","status-publish","hentry","entry","no-media"],"yoast_head":"<!-- This site is optimized with the Yoast SEO plugin v23.8 - https:\/\/yoast.com\/wordpress\/plugins\/seo\/ -->\n<title>Kontakt - Drivex<\/title>\n<meta name=\"description\" content=\"Drivex kontakt. Ta kontakt med v\u00e5re selgere for hjelp med produkter til din traktor\/hjullaster eller for \u00e5 f\u00e5 informasjon om din n\u00e6rmeste forhandler.\" \/>\n<meta name=\"robots\" content=\"index, follow, max-snippet:-1, max-image-preview:large, max-video-preview:-1\" \/>\n<link rel=\"canonical\" href=\"https:\/\/drivex.se\/no\/kontakt\/\" \/>\n<meta property=\"og:locale\" content=\"nb_NO\" \/>\n<meta property=\"og:type\" content=\"article\" \/>\n<meta property=\"og:title\" content=\"Kontakt - Drivex\" \/>\n<meta property=\"og:description\" content=\"Drivex kontakt. Ta kontakt med v\u00e5re selgere for hjelp med produkter til din traktor\/hjullaster eller for \u00e5 f\u00e5 informasjon om din n\u00e6rmeste forhandler.\" \/>\n<meta property=\"og:url\" content=\"https:\/\/drivex.se\/no\/kontakt\/\" \/>\n<meta property=\"og:site_name\" content=\"Drivex\" \/>\n<meta property=\"article:publisher\" content=\"https:\/\/www.facebook.com\/Drivex-178188605541864\/\" \/>\n<meta property=\"article:modified_time\" content=\"2026-04-01T07:43:33+00:00\" \/>\n<meta name=\"twitter:card\" content=\"summary_large_image\" \/>\n<meta name=\"twitter:label1\" content=\"Ansl. lesetid\" \/>\n\t<meta name=\"twitter:data1\" content=\"2 minutter\" \/>\n<script type=\"application\/ld+json\" class=\"yoast-schema-graph\">{\"@context\":\"https:\/\/schema.org\",\"@graph\":[{\"@type\":\"WebPage\",\"@id\":\"https:\/\/drivex.se\/no\/kontakt\/\",\"url\":\"https:\/\/drivex.se\/no\/kontakt\/\",\"name\":\"Kontakt - Drivex\",\"isPartOf\":{\"@id\":\"https:\/\/drivex.se\/no\/#website\"},\"datePublished\":\"2018-05-30T11:33:23+00:00\",\"dateModified\":\"2026-04-01T07:43:33+00:00\",\"description\":\"Drivex kontakt. Ta kontakt med v\u00e5re selgere for hjelp med produkter til din traktor\/hjullaster eller for \u00e5 f\u00e5 informasjon om din n\u00e6rmeste forhandler.\",\"breadcrumb\":{\"@id\":\"https:\/\/drivex.se\/no\/kontakt\/#breadcrumb\"},\"inLanguage\":\"nb-NO\",\"potentialAction\":[{\"@type\":\"ReadAction\",\"target\":[\"https:\/\/drivex.se\/no\/kontakt\/\"]}]},{\"@type\":\"BreadcrumbList\",\"@id\":\"https:\/\/drivex.se\/no\/kontakt\/#breadcrumb\",\"itemListElement\":[{\"@type\":\"ListItem\",\"position\":1,\"name\":\"Hem\",\"item\":\"https:\/\/drivex.se\/no\/\"},{\"@type\":\"ListItem\",\"position\":2,\"name\":\"Kontakt\"}]},{\"@type\":\"WebSite\",\"@id\":\"https:\/\/drivex.se\/no\/#website\",\"url\":\"https:\/\/drivex.se\/no\/\",\"name\":\"Drivex\",\"description\":\"Redskap f\u00f6r hjullastare och traktor\",\"publisher\":{\"@id\":\"https:\/\/drivex.se\/no\/#organization\"},\"potentialAction\":[{\"@type\":\"SearchAction\",\"target\":{\"@type\":\"EntryPoint\",\"urlTemplate\":\"https:\/\/drivex.se\/no\/?s={search_term_string}\"},\"query-input\":{\"@type\":\"PropertyValueSpecification\",\"valueRequired\":true,\"valueName\":\"search_term_string\"}}],\"inLanguage\":\"nb-NO\"},{\"@type\":\"Organization\",\"@id\":\"https:\/\/drivex.se\/no\/#organization\",\"name\":\"Drivex AB\",\"url\":\"https:\/\/drivex.se\/no\/\",\"logo\":{\"@type\":\"ImageObject\",\"inLanguage\":\"nb-NO\",\"@id\":\"https:\/\/drivex.se\/no\/#\/schema\/logo\/image\/\",\"url\":\"https:\/\/drivex.se\/wp-content\/uploads\/2017\/12\/Drivex-CMYK.png\",\"contentUrl\":\"https:\/\/drivex.se\/wp-content\/uploads\/2017\/12\/Drivex-CMYK.png\",\"width\":140,\"height\":77,\"caption\":\"Drivex AB\"},\"image\":{\"@id\":\"https:\/\/drivex.se\/no\/#\/schema\/logo\/image\/\"},\"sameAs\":[\"https:\/\/www.facebook.com\/Drivex-178188605541864\/\"]}]}<\/script>\n<!-- \/ Yoast SEO plugin. -->","yoast_head_json":{"title":"Kontakt - Drivex","description":"Drivex kontakt. Ta kontakt med v\u00e5re selgere for hjelp med produkter til din traktor\/hjullaster eller for \u00e5 f\u00e5 informasjon om din n\u00e6rmeste forhandler.","robots":{"index":"index","follow":"follow","max-snippet":"max-snippet:-1","max-image-preview":"max-image-preview:large","max-video-preview":"max-video-preview:-1"},"canonical":"https:\/\/drivex.se\/no\/kontakt\/","og_locale":"nb_NO","og_type":"article","og_title":"Kontakt - Drivex","og_description":"Drivex kontakt. Ta kontakt med v\u00e5re selgere for hjelp med produkter til din traktor\/hjullaster eller for \u00e5 f\u00e5 informasjon om din n\u00e6rmeste forhandler.","og_url":"https:\/\/drivex.se\/no\/kontakt\/","og_site_name":"Drivex","article_publisher":"https:\/\/www.facebook.com\/Drivex-178188605541864\/","article_modified_time":"2026-04-01T07:43:33+00:00","twitter_card":"summary_large_image","twitter_misc":{"Ansl. lesetid":"2 minutter"},"schema":{"@context":"https:\/\/schema.org","@graph":[{"@type":"WebPage","@id":"https:\/\/drivex.se\/no\/kontakt\/","url":"https:\/\/drivex.se\/no\/kontakt\/","name":"Kontakt - Drivex","isPartOf":{"@id":"https:\/\/drivex.se\/no\/#website"},"datePublished":"2018-05-30T11:33:23+00:00","dateModified":"2026-04-01T07:43:33+00:00","description":"Drivex kontakt. Ta kontakt med v\u00e5re selgere for hjelp med produkter til din traktor\/hjullaster eller for \u00e5 f\u00e5 informasjon om din n\u00e6rmeste forhandler.","breadcrumb":{"@id":"https:\/\/drivex.se\/no\/kontakt\/#breadcrumb"},"inLanguage":"nb-NO","potentialAction":[{"@type":"ReadAction","target":["https:\/\/drivex.se\/no\/kontakt\/"]}]},{"@type":"BreadcrumbList","@id":"https:\/\/drivex.se\/no\/kontakt\/#breadcrumb","itemListElement":[{"@type":"ListItem","position":1,"name":"Hem","item":"https:\/\/drivex.se\/no\/"},{"@type":"ListItem","position":2,"name":"Kontakt"}]},{"@type":"WebSite","@id":"https:\/\/drivex.se\/no\/#website","url":"https:\/\/drivex.se\/no\/","name":"Drivex","description":"Redskap f\u00f6r hjullastare och traktor","publisher":{"@id":"https:\/\/drivex.se\/no\/#organization"},"potentialAction":[{"@type":"SearchAction","target":{"@type":"EntryPoint","urlTemplate":"https:\/\/drivex.se\/no\/?s={search_term_string}"},"query-input":{"@type":"PropertyValueSpecification","valueRequired":true,"valueName":"search_term_string"}}],"inLanguage":"nb-NO"},{"@type":"Organization","@id":"https:\/\/drivex.se\/no\/#organization","name":"Drivex AB","url":"https:\/\/drivex.se\/no\/","logo":{"@type":"ImageObject","inLanguage":"nb-NO","@id":"https:\/\/drivex.se\/no\/#\/schema\/logo\/image\/","url":"https:\/\/drivex.se\/wp-content\/uploads\/2017\/12\/Drivex-CMYK.png","contentUrl":"https:\/\/drivex.se\/wp-content\/uploads\/2017\/12\/Drivex-CMYK.png","width":140,"height":77,"caption":"Drivex AB"},"image":{"@id":"https:\/\/drivex.se\/no\/#\/schema\/logo\/image\/"},"sameAs":["https:\/\/www.facebook.com\/Drivex-178188605541864\/"]}]}},"_links":{"self":[{"href":"https:\/\/drivex.se\/no\/wp-json\/wp\/v2\/pages\/5581","targetHints":{"allow":["GET"]}}],"collection":[{"href":"https:\/\/drivex.se\/no\/wp-json\/wp\/v2\/pages"}],"about":[{"href":"https:\/\/drivex.se\/no\/wp-json\/wp\/v2\/types\/page"}],"author":[{"embeddable":true,"href":"https:\/\/drivex.se\/no\/wp-json\/wp\/v2\/users\/3"}],"replies":[{"embeddable":true,"href":"https:\/\/drivex.se\/no\/wp-json\/wp\/v2\/comments?post=5581"}],"version-history":[{"count":19,"href":"https:\/\/drivex.se\/no\/wp-json\/wp\/v2\/pages\/5581\/revisions"}],"predecessor-version":[{"id":7014,"href":"https:\/\/drivex.se\/no\/wp-json\/wp\/v2\/pages\/5581\/revisions\/7014"}],"wp:attachment":[{"href":"https:\/\/drivex.se\/no\/wp-json\/wp\/v2\/media?parent=5581"}],"curies":[{"name":"wp","href":"https:\/\/api.w.org\/{rel}","templated":true}]}}