{"id":6921,"date":"2026-03-04T16:06:51","date_gmt":"2026-03-04T15:06:51","guid":{"rendered":"https:\/\/drivex.se\/?page_id=6921"},"modified":"2026-03-05T09:41:41","modified_gmt":"2026-03-05T08:41:41","slug":"forhandler-login","status":"publish","type":"page","link":"https:\/\/drivex.se\/no\/forhandler-login\/","title":{"rendered":"Forhandler Login\/prisliste"},"content":{"rendered":"\n<figure class=\"wp-block-image alignfull size-full\"><a href=\"https:\/\/drivex.se\/wp-content\/uploads\/2022\/09\/Drivex_kontor_fabrik_2540px.jpg\"><img loading=\"lazy\" decoding=\"async\" width=\"2540\" height=\"800\" src=\"https:\/\/drivex.se\/wp-content\/uploads\/2022\/09\/Drivex_kontor_fabrik_2540px.jpg\" alt=\"\" class=\"wp-image-5210\" srcset=\"https:\/\/drivex.se\/wp-content\/uploads\/2022\/09\/Drivex_kontor_fabrik_2540px.jpg 2540w, https:\/\/drivex.se\/wp-content\/uploads\/2022\/09\/Drivex_kontor_fabrik_2540px-300x94.jpg 300w, https:\/\/drivex.se\/wp-content\/uploads\/2022\/09\/Drivex_kontor_fabrik_2540px-1024x323.jpg 1024w, https:\/\/drivex.se\/wp-content\/uploads\/2022\/09\/Drivex_kontor_fabrik_2540px-768x242.jpg 768w, https:\/\/drivex.se\/wp-content\/uploads\/2022\/09\/Drivex_kontor_fabrik_2540px-1536x484.jpg 1536w, https:\/\/drivex.se\/wp-content\/uploads\/2022\/09\/Drivex_kontor_fabrik_2540px-2048x645.jpg 2048w\" sizes=\"auto, (max-width: 2540px) 100vw, 2540px\" \/><\/a><\/figure>\n\n\n\n<div style=\"height:1px\" aria-hidden=\"true\" class=\"wp-block-spacer\"><\/div>\n\n\n<h2 style=\"color:#1b4478; font-size:24px;font-style:normal;font-weight:300;text-transform:uppercase; border-radius:0px;border-bottom-width:5px;border-bottom-color:#1b4478; padding-bottom:4px;\" class=\"has-link-color heading-border wp-elements-c8a9f3f8c9d4374f09724a93f4801ef9 wp-block-post-title has-text-color\">Forhandler Login\/prisliste<\/h2>\n\n\n<p>Her kan du som forhandler lese og laste ned prislisten v\u00e5r. <br>Kontakt oss for \u00e5 f\u00e5 tilsendt passord.<\/p>\n\n\n<div class=\"passster-form\" id=\"ps-358\">\n    <form class=\"password-form\" method=\"post\" autocomplete=\"off\" target=\"_top\">\n        <span class=\"ps-form-headline\"><\/span>\n        <p>Skriv inn passordet nedenfor for \u00e5 se innholdet.<\/p>\n        <fieldset>\n            <span class=\"ps-loader\"><img src=\"https:\/\/drivex.se\/wp-content\/plugins\/content-protector\/assets\/public\/ps-loader.svg\" alt=\"\" \/><\/span>\n            <label for=\"input-ps-358\" style=\"display:none;\">Enter your password<\/label>\n            <input placeholder=\"Passord...\" type=\"password\" tabindex=\"1\" name=\"passster_password\"\n                   id=\"input-ps-358\" class=\"passster-password\" autocomplete=\"off\"\n                   data-protection-type=\"password\" data-list=\"[PASSSTER_LIST]\" data-lists=\"[PASSSTER_LISTS]\" data-area=\"6954\"\n                   data-protection=\"area\">\n            \n            <button name=\"submit\" type=\"submit\" class=\"passster-submit\" data-psid=\"ps-358\" \n                    data-submit=\"...Checking Password\" data-redirect=\"\">OK\n            <\/button>\n            <div class=\"passster-error\"><\/div>\n        <\/fieldset>\n    <\/form>\n<\/div>\n\n\n\n<p><\/p>\n","protected":false},"excerpt":{"rendered":"<p>Her kan du som forhandler lese og laste ned prislisten v\u00e5r. Kontakt oss for \u00e5 f\u00e5 tilsendt passord.<\/p>\n","protected":false},"author":3,"featured_media":0,"parent":0,"menu_order":0,"comment_status":"closed","ping_status":"closed","template":"","meta":{"footnotes":""},"class_list":["post-6921","page","type-page","status-publish","hentry","entry","no-media"],"yoast_head":"<!-- This site is optimized with the Yoast SEO plugin v23.8 - https:\/\/yoast.com\/wordpress\/plugins\/seo\/ -->\n<title>Forhandler Login\/prisliste - Drivex<\/title>\n<meta name=\"robots\" content=\"index, follow, max-snippet:-1, max-image-preview:large, max-video-preview:-1\" \/>\n<link rel=\"canonical\" href=\"https:\/\/drivex.se\/no\/forhandler-login\/\" \/>\n<meta property=\"og:locale\" content=\"nb_NO\" \/>\n<meta property=\"og:type\" content=\"article\" \/>\n<meta property=\"og:title\" content=\"Forhandler Login\/prisliste - Drivex\" \/>\n<meta property=\"og:description\" content=\"Her kan du som forhandler lese og laste ned prislisten v\u00e5r. Kontakt oss for \u00e5 f\u00e5 tilsendt passord.\" \/>\n<meta property=\"og:url\" content=\"https:\/\/drivex.se\/no\/forhandler-login\/\" \/>\n<meta property=\"og:site_name\" content=\"Drivex\" \/>\n<meta property=\"article:publisher\" content=\"https:\/\/www.facebook.com\/Drivex-178188605541864\/\" \/>\n<meta property=\"article:modified_time\" content=\"2026-03-05T08:41:41+00:00\" \/>\n<meta property=\"og:image\" content=\"https:\/\/drivex.se\/wp-content\/uploads\/2022\/09\/Drivex_kontor_fabrik_2540px.jpg\" \/>\n\t<meta property=\"og:image:width\" content=\"2540\" \/>\n\t<meta property=\"og:image:height\" content=\"800\" \/>\n\t<meta property=\"og:image:type\" content=\"image\/jpeg\" \/>\n<meta name=\"twitter:card\" content=\"summary_large_image\" \/>\n<meta name=\"twitter:label1\" content=\"Ansl. lesetid\" \/>\n\t<meta name=\"twitter:data1\" content=\"1 minutt\" \/>\n<script type=\"application\/ld+json\" class=\"yoast-schema-graph\">{\"@context\":\"https:\/\/schema.org\",\"@graph\":[{\"@type\":\"WebPage\",\"@id\":\"https:\/\/drivex.se\/no\/forhandler-login\/\",\"url\":\"https:\/\/drivex.se\/no\/forhandler-login\/\",\"name\":\"Forhandler Login\/prisliste - Drivex\",\"isPartOf\":{\"@id\":\"https:\/\/drivex.se\/no\/#website\"},\"primaryImageOfPage\":{\"@id\":\"https:\/\/drivex.se\/no\/forhandler-login\/#primaryimage\"},\"image\":{\"@id\":\"https:\/\/drivex.se\/no\/forhandler-login\/#primaryimage\"},\"thumbnailUrl\":\"https:\/\/drivex.se\/wp-content\/uploads\/2022\/09\/Drivex_kontor_fabrik_2540px.jpg\",\"datePublished\":\"2026-03-04T15:06:51+00:00\",\"dateModified\":\"2026-03-05T08:41:41+00:00\",\"breadcrumb\":{\"@id\":\"https:\/\/drivex.se\/no\/forhandler-login\/#breadcrumb\"},\"inLanguage\":\"nb-NO\",\"potentialAction\":[{\"@type\":\"ReadAction\",\"target\":[\"https:\/\/drivex.se\/no\/forhandler-login\/\"]}]},{\"@type\":\"ImageObject\",\"inLanguage\":\"nb-NO\",\"@id\":\"https:\/\/drivex.se\/no\/forhandler-login\/#primaryimage\",\"url\":\"https:\/\/drivex.se\/wp-content\/uploads\/2022\/09\/Drivex_kontor_fabrik_2540px.jpg\",\"contentUrl\":\"https:\/\/drivex.se\/wp-content\/uploads\/2022\/09\/Drivex_kontor_fabrik_2540px.jpg\"},{\"@type\":\"BreadcrumbList\",\"@id\":\"https:\/\/drivex.se\/no\/forhandler-login\/#breadcrumb\",\"itemListElement\":[{\"@type\":\"ListItem\",\"position\":1,\"name\":\"Hem\",\"item\":\"https:\/\/drivex.se\/no\/\"},{\"@type\":\"ListItem\",\"position\":2,\"name\":\"Forhandler Login\/prisliste\"}]},{\"@type\":\"WebSite\",\"@id\":\"https:\/\/drivex.se\/no\/#website\",\"url\":\"https:\/\/drivex.se\/no\/\",\"name\":\"Drivex\",\"description\":\"Redskap f\u00f6r hjullastare och traktor\",\"publisher\":{\"@id\":\"https:\/\/drivex.se\/no\/#organization\"},\"potentialAction\":[{\"@type\":\"SearchAction\",\"target\":{\"@type\":\"EntryPoint\",\"urlTemplate\":\"https:\/\/drivex.se\/no\/?s={search_term_string}\"},\"query-input\":{\"@type\":\"PropertyValueSpecification\",\"valueRequired\":true,\"valueName\":\"search_term_string\"}}],\"inLanguage\":\"nb-NO\"},{\"@type\":\"Organization\",\"@id\":\"https:\/\/drivex.se\/no\/#organization\",\"name\":\"Drivex AB\",\"url\":\"https:\/\/drivex.se\/no\/\",\"logo\":{\"@type\":\"ImageObject\",\"inLanguage\":\"nb-NO\",\"@id\":\"https:\/\/drivex.se\/no\/#\/schema\/logo\/image\/\",\"url\":\"https:\/\/drivex.se\/wp-content\/uploads\/2017\/12\/Drivex-CMYK.png\",\"contentUrl\":\"https:\/\/drivex.se\/wp-content\/uploads\/2017\/12\/Drivex-CMYK.png\",\"width\":140,\"height\":77,\"caption\":\"Drivex AB\"},\"image\":{\"@id\":\"https:\/\/drivex.se\/no\/#\/schema\/logo\/image\/\"},\"sameAs\":[\"https:\/\/www.facebook.com\/Drivex-178188605541864\/\"]}]}<\/script>\n<!-- \/ Yoast SEO plugin. -->","yoast_head_json":{"title":"Forhandler Login\/prisliste - Drivex","robots":{"index":"index","follow":"follow","max-snippet":"max-snippet:-1","max-image-preview":"max-image-preview:large","max-video-preview":"max-video-preview:-1"},"canonical":"https:\/\/drivex.se\/no\/forhandler-login\/","og_locale":"nb_NO","og_type":"article","og_title":"Forhandler Login\/prisliste - Drivex","og_description":"Her kan du som forhandler lese og laste ned prislisten v\u00e5r. Kontakt oss for \u00e5 f\u00e5 tilsendt passord.","og_url":"https:\/\/drivex.se\/no\/forhandler-login\/","og_site_name":"Drivex","article_publisher":"https:\/\/www.facebook.com\/Drivex-178188605541864\/","article_modified_time":"2026-03-05T08:41:41+00:00","og_image":[{"width":2540,"height":800,"url":"https:\/\/drivex.se\/wp-content\/uploads\/2022\/09\/Drivex_kontor_fabrik_2540px.jpg","type":"image\/jpeg"}],"twitter_card":"summary_large_image","twitter_misc":{"Ansl. lesetid":"1 minutt"},"schema":{"@context":"https:\/\/schema.org","@graph":[{"@type":"WebPage","@id":"https:\/\/drivex.se\/no\/forhandler-login\/","url":"https:\/\/drivex.se\/no\/forhandler-login\/","name":"Forhandler Login\/prisliste - Drivex","isPartOf":{"@id":"https:\/\/drivex.se\/no\/#website"},"primaryImageOfPage":{"@id":"https:\/\/drivex.se\/no\/forhandler-login\/#primaryimage"},"image":{"@id":"https:\/\/drivex.se\/no\/forhandler-login\/#primaryimage"},"thumbnailUrl":"https:\/\/drivex.se\/wp-content\/uploads\/2022\/09\/Drivex_kontor_fabrik_2540px.jpg","datePublished":"2026-03-04T15:06:51+00:00","dateModified":"2026-03-05T08:41:41+00:00","breadcrumb":{"@id":"https:\/\/drivex.se\/no\/forhandler-login\/#breadcrumb"},"inLanguage":"nb-NO","potentialAction":[{"@type":"ReadAction","target":["https:\/\/drivex.se\/no\/forhandler-login\/"]}]},{"@type":"ImageObject","inLanguage":"nb-NO","@id":"https:\/\/drivex.se\/no\/forhandler-login\/#primaryimage","url":"https:\/\/drivex.se\/wp-content\/uploads\/2022\/09\/Drivex_kontor_fabrik_2540px.jpg","contentUrl":"https:\/\/drivex.se\/wp-content\/uploads\/2022\/09\/Drivex_kontor_fabrik_2540px.jpg"},{"@type":"BreadcrumbList","@id":"https:\/\/drivex.se\/no\/forhandler-login\/#breadcrumb","itemListElement":[{"@type":"ListItem","position":1,"name":"Hem","item":"https:\/\/drivex.se\/no\/"},{"@type":"ListItem","position":2,"name":"Forhandler Login\/prisliste"}]},{"@type":"WebSite","@id":"https:\/\/drivex.se\/no\/#website","url":"https:\/\/drivex.se\/no\/","name":"Drivex","description":"Redskap f\u00f6r hjullastare och traktor","publisher":{"@id":"https:\/\/drivex.se\/no\/#organization"},"potentialAction":[{"@type":"SearchAction","target":{"@type":"EntryPoint","urlTemplate":"https:\/\/drivex.se\/no\/?s={search_term_string}"},"query-input":{"@type":"PropertyValueSpecification","valueRequired":true,"valueName":"search_term_string"}}],"inLanguage":"nb-NO"},{"@type":"Organization","@id":"https:\/\/drivex.se\/no\/#organization","name":"Drivex AB","url":"https:\/\/drivex.se\/no\/","logo":{"@type":"ImageObject","inLanguage":"nb-NO","@id":"https:\/\/drivex.se\/no\/#\/schema\/logo\/image\/","url":"https:\/\/drivex.se\/wp-content\/uploads\/2017\/12\/Drivex-CMYK.png","contentUrl":"https:\/\/drivex.se\/wp-content\/uploads\/2017\/12\/Drivex-CMYK.png","width":140,"height":77,"caption":"Drivex AB"},"image":{"@id":"https:\/\/drivex.se\/no\/#\/schema\/logo\/image\/"},"sameAs":["https:\/\/www.facebook.com\/Drivex-178188605541864\/"]}]}},"_links":{"self":[{"href":"https:\/\/drivex.se\/no\/wp-json\/wp\/v2\/pages\/6921","targetHints":{"allow":["GET"]}}],"collection":[{"href":"https:\/\/drivex.se\/no\/wp-json\/wp\/v2\/pages"}],"about":[{"href":"https:\/\/drivex.se\/no\/wp-json\/wp\/v2\/types\/page"}],"author":[{"embeddable":true,"href":"https:\/\/drivex.se\/no\/wp-json\/wp\/v2\/users\/3"}],"replies":[{"embeddable":true,"href":"https:\/\/drivex.se\/no\/wp-json\/wp\/v2\/comments?post=6921"}],"version-history":[{"count":25,"href":"https:\/\/drivex.se\/no\/wp-json\/wp\/v2\/pages\/6921\/revisions"}],"predecessor-version":[{"id":7009,"href":"https:\/\/drivex.se\/no\/wp-json\/wp\/v2\/pages\/6921\/revisions\/7009"}],"wp:attachment":[{"href":"https:\/\/drivex.se\/no\/wp-json\/wp\/v2\/media?parent=6921"}],"curies":[{"name":"wp","href":"https:\/\/api.w.org\/{rel}","templated":true}]}}